{"id":37,"date":"2020-12-26T15:53:57","date_gmt":"2020-12-26T15:53:57","guid":{"rendered":"https:\/\/bolerichard-avocat.com\/?page_id=37"},"modified":"2022-10-10T07:00:29","modified_gmt":"2022-10-10T07:00:29","slug":"honoraires","status":"publish","type":"page","link":"https:\/\/bolerichard-avocat.com\/it\/honoraires\/","title":{"rendered":"Onorari"},"content":{"rendered":"<div data-elementor-type=\"wp-page\" data-elementor-id=\"37\" class=\"elementor elementor-37\">\n\t\t\t\t\t\t<section class=\"elementor-section elementor-top-section elementor-element elementor-element-31b5174c elementor-section-boxed elementor-section-height-default elementor-section-height-default\" data-id=\"31b5174c\" data-element_type=\"section\" data-settings=\"{&quot;background_background&quot;:&quot;classic&quot;}\">\n\t\t\t\t\t\t\t<div class=\"elementor-background-overlay\"><\/div>\n\t\t\t\t\t\t\t<div class=\"elementor-container elementor-column-gap-default\">\n\t\t\t\t\t<div class=\"elementor-column elementor-col-100 elementor-top-column elementor-element elementor-element-465d8b6f\" data-id=\"465d8b6f\" data-element_type=\"column\">\n\t\t\t<div class=\"elementor-widget-wrap elementor-element-populated\">\n\t\t\t\t\t\t<div class=\"elementor-element elementor-element-57f79862 elementor-invisible elementor-widget elementor-widget-heading\" data-id=\"57f79862\" data-element_type=\"widget\" data-settings=\"{&quot;_animation&quot;:&quot;fadeInLeft&quot;,&quot;_animation_delay&quot;:200}\" data-widget_type=\"heading.default\">\n\t\t\t\t<div class=\"elementor-widget-container\">\n\t\t\t<p class=\"elementor-heading-title elementor-size-small\">Onorari<\/p>\t\t<\/div>\n\t\t\t\t<\/div>\n\t\t\t\t\t<\/div>\n\t\t<\/div>\n\t\t\t\t\t<\/div>\n\t\t<\/section>\n\t\t\t\t<section class=\"elementor-section elementor-top-section elementor-element elementor-element-2797f1f0 elementor-section-boxed elementor-section-height-default elementor-section-height-default\" data-id=\"2797f1f0\" data-element_type=\"section\">\n\t\t\t\t\t\t<div class=\"elementor-container elementor-column-gap-default\">\n\t\t\t\t\t<div class=\"elementor-column elementor-col-50 elementor-top-column elementor-element elementor-element-3c04a4d6 elementor-invisible\" data-id=\"3c04a4d6\" data-element_type=\"column\" data-settings=\"{&quot;animation&quot;:&quot;fadeInUp&quot;}\">\n\t\t\t<div class=\"elementor-widget-wrap elementor-element-populated\">\n\t\t\t\t\t\t<div class=\"elementor-element elementor-element-4e6d1517 elementor-widget elementor-widget-text-editor\" data-id=\"4e6d1517\" data-element_type=\"widget\" data-widget_type=\"text-editor.default\">\n\t\t\t\t<div class=\"elementor-widget-container\">\n\t\t\t\t\t\t\t<p>Gli onorari sono stabiliti in un accordo scritto, firmato dall'Avvocato e dal Cliente. Questo accordo indica la missione affidata all'Avvocato e l'ammontare del suo compenso. <\/p>\t\t\t\t\t\t<\/div>\n\t\t\t\t<\/div>\n\t\t\t\t<div class=\"elementor-element elementor-element-4331b6df elementor-widget elementor-widget-heading\" data-id=\"4331b6df\" data-element_type=\"widget\" data-widget_type=\"heading.default\">\n\t\t\t\t<div class=\"elementor-widget-container\">\n\t\t\t<h3 class=\"elementor-heading-title elementor-size-default\">Trasparenza finanziaria<\/h3>\t\t<\/div>\n\t\t\t\t<\/div>\n\t\t\t\t<div class=\"elementor-element elementor-element-5926716 elementor-widget elementor-widget-text-editor\" data-id=\"5926716\" data-element_type=\"widget\" data-widget_type=\"text-editor.default\">\n\t\t\t\t<div class=\"elementor-widget-container\">\n\t\t\t\t\t\t\t<p>Ci sforziamo di garantire la completa trasparenza finanziaria discutendo questo punto senza tab\u00f9 al primo incontro e rilasciando un documento scritto che descriva le condizioni concordate prima dell'intervento: contratto d'onorario o lettera nei casi pi\u00f9 semplici.<\/p><p>Talvolta pu\u00f2 essere concordata una somma forfettaria, integrata da una clausola di adempimento. \u00c8 possibile, nell'ambito di un prezzo fisso o del pagamento di un anticipo, concedere agevolazioni di pagamento (pagamenti scaglionati). <\/p><p>Per alcuni clienti, la soluzione \u00e8 un abbonamento che ci permette di sostenerli nel tempo. <\/p><p>\u00a0<\/p>\t\t\t\t\t\t<\/div>\n\t\t\t\t<\/div>\n\t\t\t\t<div class=\"elementor-element elementor-element-46a0b27f elementor-widget elementor-widget-heading\" data-id=\"46a0b27f\" data-element_type=\"widget\" data-widget_type=\"heading.default\">\n\t\t\t\t<div class=\"elementor-widget-container\">\n\t\t\t<h3 class=\"elementor-heading-title elementor-size-default\">Accordo<\/h3>\t\t<\/div>\n\t\t\t\t<\/div>\n\t\t\t\t<div class=\"elementor-element elementor-element-51d0336 elementor-widget elementor-widget-text-editor\" data-id=\"51d0336\" data-element_type=\"widget\" data-widget_type=\"text-editor.default\">\n\t\t\t\t<div class=\"elementor-widget-container\">\n\t\t\t\t\t\t\t<p>Il principio fondamentale in materia di onorari \u00e8 che essi sono fissati di comune accordo con il cliente.<\/p>\n<p>Secondo quali criteri? Occorre distinguere tra gli onorari di diligenza, di cui si parla in questo caso, e gli onorari di risultato. Per quanto riguarda gli onorari di diligenza, qualunque sia la loro modalit\u00e0 (tempo, prezzo fisso, incarichi), essi dipendono da due tipi di criteri:<\/p>\n<p><span style=\"text-decoration: underline;\">Criteri soggettivi (il Cliente e l'Avvocato)<\/span><\/p>\n<p>In base al codice deontologico francese della professione, gli onorari di un avvocato dipendono principalmente dalla situazione finanziaria del cliente. Sorprendentemente, questo \u00e8 il primo criterio, quindi non esitate a sollevare questo punto. (Se non avete i mezzi per pagare, potete richiedere il patrocinio a spese dello Stato).<\/p>\n<p>Il secondo criterio riguarda i costi e le spese dello studio legale. Una struttura con segreteria, personale, locali costosi, ecc. comporta costi e oneri significativi che vengono trasferiti al cliente sotto forma di onorari.<\/p>\n<p>Il nostro studio \u00e8 una struttura leggera, senza una segreteria fissa o un collaboratore fisso, pertanto, in base a questo parametro, i nostri onorari possono rimanere all'interno di un margine ragionevole.<\/p>\n<p>Inoltre, sempre per quanto riguarda l'avvocato, si devono prendere in considerazione criteri che dipendono molto dalla natura del caso: la reputazione dell'avvocato (a seconda del caso), i suoi titoli, la sua anzianit\u00e0, la sua esperienza, la sua specializzazione.<br><\/p>\n<p><span style=\"text-decoration: underline;\">Criteri oggettivi (il caso in questione)<\/span><\/p>\n<p>Anche la posta in gioco deve essere presa in considerazione. Ovvero, l'importanza degli interessi coinvolti, i benefici e i risultati per il Cliente e il servizio fornito. Questo criterio introduce una variabile molto flessibile. <\/p>\n<p>Inoltre, a seconda del merito del caso, si deve tenere conto del tempo dedicato al caso, della quantit\u00e0 di lavoro di ricerca e della natura e difficolt\u00e0 del caso. <\/p>\t\t\t\t\t\t<\/div>\n\t\t\t\t<\/div>\n\t\t\t\t<div class=\"elementor-element elementor-element-5e71d37a elementor-align-center envato-kit-93-button elementor-mobile-align-center elementor-invisible elementor-widget elementor-widget-button\" data-id=\"5e71d37a\" data-element_type=\"widget\" data-settings=\"{&quot;_animation&quot;:&quot;fadeInUp&quot;,&quot;_animation_delay&quot;:700}\" data-widget_type=\"button.default\">\n\t\t\t\t<div class=\"elementor-widget-container\">\n\t\t\t\t\t<div class=\"elementor-button-wrapper\">\n\t\t\t<a class=\"elementor-button elementor-button-link elementor-size-sm\" href=\"https:\/\/bolerichard-avocat.com\/it\/contact\/\">\n\t\t\t\t\t\t<span class=\"elementor-button-content-wrapper\">\n\t\t\t\t\t\t\t\t\t<span class=\"elementor-button-text\">RICHIEDERE UN PRIMO APPUNTAMENTO<\/span>\n\t\t\t\t\t<\/span>\n\t\t\t\t\t<\/a>\n\t\t<\/div>\n\t\t\t\t<\/div>\n\t\t\t\t<\/div>\n\t\t\t\t\t<\/div>\n\t\t<\/div>\n\t\t\t\t<div class=\"elementor-column elementor-col-50 elementor-top-column elementor-element elementor-element-18d9d9d8 elementor-invisible\" data-id=\"18d9d9d8\" data-element_type=\"column\" data-settings=\"{&quot;background_background&quot;:&quot;classic&quot;,&quot;animation&quot;:&quot;fadeInUp&quot;,&quot;animation_delay&quot;:200}\">\n\t\t\t<div class=\"elementor-widget-wrap elementor-element-populated\">\n\t\t\t\t\t\t<section class=\"elementor-section elementor-inner-section elementor-element elementor-element-4982205d elementor-section-boxed elementor-section-height-default elementor-section-height-default\" data-id=\"4982205d\" data-element_type=\"section\">\n\t\t\t\t\t\t<div class=\"elementor-container elementor-column-gap-default\">\n\t\t\t\t\t<div class=\"elementor-column elementor-col-100 elementor-inner-column elementor-element elementor-element-3704fea3\" data-id=\"3704fea3\" data-element_type=\"column\" data-settings=\"{&quot;background_background&quot;:&quot;classic&quot;}\">\n\t\t\t<div class=\"elementor-widget-wrap elementor-element-populated\">\n\t\t\t\t\t<div class=\"elementor-background-overlay\"><\/div>\n\t\t\t\t\t\t<div class=\"elementor-element elementor-element-665e6343 elementor-align-center envato-kit-93-button elementor-widget elementor-widget-button\" data-id=\"665e6343\" data-element_type=\"widget\" data-widget_type=\"button.default\">\n\t\t\t\t<div class=\"elementor-widget-container\">\n\t\t\t\t\t<div class=\"elementor-button-wrapper\">\n\t\t\t<a class=\"elementor-button elementor-button-link elementor-size-sm\" href=\"https:\/\/bolerichard-avocat.com\/it\/contact\/\">\n\t\t\t\t\t\t<span class=\"elementor-button-content-wrapper\">\n\t\t\t\t\t\t\t\t\t<span class=\"elementor-button-text\">Prima consultazione gratuita<\/span>\n\t\t\t\t\t<\/span>\n\t\t\t\t\t<\/a>\n\t\t<\/div>\n\t\t\t\t<\/div>\n\t\t\t\t<\/div>\n\t\t\t\t\t<\/div>\n\t\t<\/div>\n\t\t\t\t\t<\/div>\n\t\t<\/section>\n\t\t\t\t\t<\/div>\n\t\t<\/div>\n\t\t\t\t\t<\/div>\n\t\t<\/section>\n\t\t\t\t<\/div>","protected":false},"excerpt":{"rendered":"<p>Honoraires Les honoraires sont d\u00e9termin\u00e9s dans une convention d&rsquo;honoraires \u00e9crite, sign\u00e9e entre l&rsquo;Avocat et le Client. Cette convention indique la mission confi\u00e9e \u00e0 l&rsquo;Avocat ainsi que le montant de sa r\u00e9mun\u00e9ration. Transparence financi\u00e8re Nous nous effor\u00e7ons d&rsquo;assurer une parfaite transparence financi\u00e8re en abordant sans tabou ce point d\u00e8s le premier rendez-vous et en \u00e9mettant, avant&#8230;<\/p>","protected":false},"author":1,"featured_media":0,"parent":0,"menu_order":3,"comment_status":"closed","ping_status":"closed","template":"","meta":{"_kad_post_transparent":"","_kad_post_title":"hide","_kad_post_layout":"fullwidth","_kad_post_sidebar_id":"","_kad_post_content_style":"unboxed","_kad_post_vertical_padding":"hide","_kad_post_feature":"hide","_kad_post_feature_position":"","_kad_post_header":false,"_kad_post_footer":false,"footnotes":""},"yoast_head":"<!-- This site is optimized with the Yoast SEO plugin v23.4 - https:\/\/yoast.com\/wordpress\/plugins\/seo\/ -->\n<title>Honoraires &#8211; Lucien B\u00f4le-Richard<\/title>\n<meta name=\"description\" content=\"Honoraires Les honoraires sont d\u00e9termin\u00e9s dans une convention d&#039;honoraires \u00e9crite, sign\u00e9e entre l&#039;Avocat et le Client. Cette convention indique la mission\" \/>\n<meta name=\"robots\" content=\"index, follow, max-snippet:-1, max-image-preview:large, max-video-preview:-1\" \/>\n<link rel=\"canonical\" href=\"https:\/\/bolerichard-avocat.com\/it\/honoraires\/\" \/>\n<meta property=\"og:locale\" content=\"it_IT\" \/>\n<meta property=\"og:type\" content=\"article\" \/>\n<meta property=\"og:title\" content=\"Honoraires &#8211; Lucien B\u00f4le-Richard\" \/>\n<meta property=\"og:description\" content=\"Honoraires Les honoraires sont d\u00e9termin\u00e9s dans une convention d&#039;honoraires \u00e9crite, sign\u00e9e entre l&#039;Avocat et le Client. Cette convention indique la mission\" \/>\n<meta property=\"og:url\" content=\"https:\/\/bolerichard-avocat.com\/it\/honoraires\/\" \/>\n<meta property=\"og:site_name\" content=\"Lucien B\u00f4le-Richard\" \/>\n<meta property=\"article:modified_time\" content=\"2022-10-10T07:00:29+00:00\" \/>\n<meta name=\"twitter:card\" content=\"summary_large_image\" \/>\n<meta name=\"twitter:label1\" content=\"Tempo di lettura stimato\" \/>\n\t<meta name=\"twitter:data1\" content=\"3 minuti\" \/>\n<script type=\"application\/ld+json\" class=\"yoast-schema-graph\">{\"@context\":\"https:\/\/schema.org\",\"@graph\":[{\"@type\":\"WebPage\",\"@id\":\"https:\/\/bolerichard-avocat.com\/honoraires\/\",\"url\":\"https:\/\/bolerichard-avocat.com\/honoraires\/\",\"name\":\"Honoraires &#8211; Lucien B\u00f4le-Richard\",\"isPartOf\":{\"@id\":\"https:\/\/bolerichard-avocat.com\/#website\"},\"datePublished\":\"2020-12-26T15:53:57+00:00\",\"dateModified\":\"2022-10-10T07:00:29+00:00\",\"description\":\"Honoraires Les honoraires sont d\u00e9termin\u00e9s dans une convention d'honoraires \u00e9crite, sign\u00e9e entre l'Avocat et le Client. Cette convention indique la mission\",\"breadcrumb\":{\"@id\":\"https:\/\/bolerichard-avocat.com\/honoraires\/#breadcrumb\"},\"inLanguage\":\"it-IT\",\"potentialAction\":[{\"@type\":\"ReadAction\",\"target\":[\"https:\/\/bolerichard-avocat.com\/honoraires\/\"]}]},{\"@type\":\"BreadcrumbList\",\"@id\":\"https:\/\/bolerichard-avocat.com\/honoraires\/#breadcrumb\",\"itemListElement\":[{\"@type\":\"ListItem\",\"position\":1,\"name\":\"Accueil\",\"item\":\"https:\/\/bolerichard-avocat.com\/\"},{\"@type\":\"ListItem\",\"position\":2,\"name\":\"Honoraires\"}]},{\"@type\":\"WebSite\",\"@id\":\"https:\/\/bolerichard-avocat.com\/#website\",\"url\":\"https:\/\/bolerichard-avocat.com\/\",\"name\":\"Lucien B\u00f4le-Richard\",\"description\":\"\",\"publisher\":{\"@id\":\"https:\/\/bolerichard-avocat.com\/#organization\"},\"potentialAction\":[{\"@type\":\"SearchAction\",\"target\":{\"@type\":\"EntryPoint\",\"urlTemplate\":\"https:\/\/bolerichard-avocat.com\/?s={search_term_string}\"},\"query-input\":{\"@type\":\"PropertyValueSpecification\",\"valueRequired\":true,\"valueName\":\"search_term_string\"}}],\"inLanguage\":\"it-IT\"},{\"@type\":\"Organization\",\"@id\":\"https:\/\/bolerichard-avocat.com\/#organization\",\"name\":\"Lucien B\u00f4le-Richard - Avocat\",\"url\":\"https:\/\/bolerichard-avocat.com\/\",\"logo\":{\"@type\":\"ImageObject\",\"inLanguage\":\"it-IT\",\"@id\":\"https:\/\/bolerichard-avocat.com\/#\/schema\/logo\/image\/\",\"url\":\"https:\/\/bolerichard-avocat.com\/wp-content\/uploads\/2021\/01\/home1-icon1.png\",\"contentUrl\":\"https:\/\/bolerichard-avocat.com\/wp-content\/uploads\/2021\/01\/home1-icon1.png\",\"width\":54,\"height\":50,\"caption\":\"Lucien B\u00f4le-Richard - Avocat\"},\"image\":{\"@id\":\"https:\/\/bolerichard-avocat.com\/#\/schema\/logo\/image\/\"}}]}<\/script>\n<!-- \/ Yoast SEO plugin. -->","yoast_head_json":{"title":"Honoraires &#8211; Lucien B\u00f4le-Richard","description":"Honoraires Les honoraires sont d\u00e9termin\u00e9s dans une convention d'honoraires \u00e9crite, sign\u00e9e entre l'Avocat et le Client. Cette convention indique la mission","robots":{"index":"index","follow":"follow","max-snippet":"max-snippet:-1","max-image-preview":"max-image-preview:large","max-video-preview":"max-video-preview:-1"},"canonical":"https:\/\/bolerichard-avocat.com\/it\/honoraires\/","og_locale":"it_IT","og_type":"article","og_title":"Honoraires &#8211; Lucien B\u00f4le-Richard","og_description":"Honoraires Les honoraires sont d\u00e9termin\u00e9s dans une convention d'honoraires \u00e9crite, sign\u00e9e entre l'Avocat et le Client. Cette convention indique la mission","og_url":"https:\/\/bolerichard-avocat.com\/it\/honoraires\/","og_site_name":"Lucien B\u00f4le-Richard","article_modified_time":"2022-10-10T07:00:29+00:00","twitter_card":"summary_large_image","twitter_misc":{"Tempo di lettura stimato":"3 minuti"},"schema":{"@context":"https:\/\/schema.org","@graph":[{"@type":"WebPage","@id":"https:\/\/bolerichard-avocat.com\/honoraires\/","url":"https:\/\/bolerichard-avocat.com\/honoraires\/","name":"Honoraires &#8211; Lucien B\u00f4le-Richard","isPartOf":{"@id":"https:\/\/bolerichard-avocat.com\/#website"},"datePublished":"2020-12-26T15:53:57+00:00","dateModified":"2022-10-10T07:00:29+00:00","description":"Honoraires Les honoraires sont d\u00e9termin\u00e9s dans une convention d'honoraires \u00e9crite, sign\u00e9e entre l'Avocat et le Client. Cette convention indique la mission","breadcrumb":{"@id":"https:\/\/bolerichard-avocat.com\/honoraires\/#breadcrumb"},"inLanguage":"it-IT","potentialAction":[{"@type":"ReadAction","target":["https:\/\/bolerichard-avocat.com\/honoraires\/"]}]},{"@type":"BreadcrumbList","@id":"https:\/\/bolerichard-avocat.com\/honoraires\/#breadcrumb","itemListElement":[{"@type":"ListItem","position":1,"name":"Accueil","item":"https:\/\/bolerichard-avocat.com\/"},{"@type":"ListItem","position":2,"name":"Honoraires"}]},{"@type":"WebSite","@id":"https:\/\/bolerichard-avocat.com\/#website","url":"https:\/\/bolerichard-avocat.com\/","name":"Lucien B\u00f4le-Richard","description":"","publisher":{"@id":"https:\/\/bolerichard-avocat.com\/#organization"},"potentialAction":[{"@type":"SearchAction","target":{"@type":"EntryPoint","urlTemplate":"https:\/\/bolerichard-avocat.com\/?s={search_term_string}"},"query-input":{"@type":"PropertyValueSpecification","valueRequired":true,"valueName":"search_term_string"}}],"inLanguage":"it-IT"},{"@type":"Organization","@id":"https:\/\/bolerichard-avocat.com\/#organization","name":"Lucien B\u00f4le-Richard - Avocat","url":"https:\/\/bolerichard-avocat.com\/","logo":{"@type":"ImageObject","inLanguage":"it-IT","@id":"https:\/\/bolerichard-avocat.com\/#\/schema\/logo\/image\/","url":"https:\/\/bolerichard-avocat.com\/wp-content\/uploads\/2021\/01\/home1-icon1.png","contentUrl":"https:\/\/bolerichard-avocat.com\/wp-content\/uploads\/2021\/01\/home1-icon1.png","width":54,"height":50,"caption":"Lucien B\u00f4le-Richard - Avocat"},"image":{"@id":"https:\/\/bolerichard-avocat.com\/#\/schema\/logo\/image\/"}}]}},"_links":{"self":[{"href":"https:\/\/bolerichard-avocat.com\/it\/wp-json\/wp\/v2\/pages\/37"}],"collection":[{"href":"https:\/\/bolerichard-avocat.com\/it\/wp-json\/wp\/v2\/pages"}],"about":[{"href":"https:\/\/bolerichard-avocat.com\/it\/wp-json\/wp\/v2\/types\/page"}],"author":[{"embeddable":true,"href":"https:\/\/bolerichard-avocat.com\/it\/wp-json\/wp\/v2\/users\/1"}],"replies":[{"embeddable":true,"href":"https:\/\/bolerichard-avocat.com\/it\/wp-json\/wp\/v2\/comments?post=37"}],"version-history":[{"count":5,"href":"https:\/\/bolerichard-avocat.com\/it\/wp-json\/wp\/v2\/pages\/37\/revisions"}],"predecessor-version":[{"id":1290,"href":"https:\/\/bolerichard-avocat.com\/it\/wp-json\/wp\/v2\/pages\/37\/revisions\/1290"}],"wp:attachment":[{"href":"https:\/\/bolerichard-avocat.com\/it\/wp-json\/wp\/v2\/media?parent=37"}],"curies":[{"name":"wp","href":"https:\/\/api.w.org\/{rel}","templated":true}]}}