{"id":39,"date":"2020-12-26T15:54:05","date_gmt":"2020-12-26T15:54:05","guid":{"rendered":"https:\/\/bolerichard-avocat.com\/?page_id=39"},"modified":"2024-09-03T20:19:19","modified_gmt":"2024-09-03T20:19:19","slug":"contact","status":"publish","type":"page","link":"https:\/\/bolerichard-avocat.com\/en\/contact\/","title":{"rendered":"Contact"},"content":{"rendered":"<div data-elementor-type=\"wp-page\" data-elementor-id=\"39\" class=\"elementor elementor-39\">\n\t\t\t\t\t\t<section class=\"elementor-section elementor-top-section elementor-element elementor-element-58690f1e elementor-section-boxed elementor-section-height-default elementor-section-height-default\" data-id=\"58690f1e\" data-element_type=\"section\" data-settings=\"{&quot;background_background&quot;:&quot;classic&quot;}\">\n\t\t\t\t\t\t<div class=\"elementor-container elementor-column-gap-default\">\n\t\t\t\t\t<div class=\"elementor-column elementor-col-100 elementor-top-column elementor-element elementor-element-315ce565\" data-id=\"315ce565\" data-element_type=\"column\">\n\t\t\t<div class=\"elementor-widget-wrap elementor-element-populated\">\n\t\t\t\t\t\t<div class=\"elementor-element elementor-element-4f190dab elementor-invisible elementor-widget elementor-widget-heading\" data-id=\"4f190dab\" data-element_type=\"widget\" data-settings=\"{&quot;_animation&quot;:&quot;fadeInLeft&quot;,&quot;_animation_delay&quot;:300}\" data-widget_type=\"heading.default\">\n\t\t\t\t<div class=\"elementor-widget-container\">\n\t\t\t<h1 class=\"elementor-heading-title elementor-size-default\">Contact<\/h1>\t\t<\/div>\n\t\t\t\t<\/div>\n\t\t\t\t\t<\/div>\n\t\t<\/div>\n\t\t\t\t\t<\/div>\n\t\t<\/section>\n\t\t\t\t<section class=\"elementor-section elementor-top-section elementor-element elementor-element-30fe5020 elementor-section-boxed elementor-section-height-default elementor-section-height-default\" data-id=\"30fe5020\" data-element_type=\"section\">\n\t\t\t\t\t\t<div class=\"elementor-container elementor-column-gap-default\">\n\t\t\t\t\t<div class=\"elementor-column elementor-col-50 elementor-top-column elementor-element elementor-element-505c92f0 elementor-invisible\" data-id=\"505c92f0\" data-element_type=\"column\" data-settings=\"{&quot;animation&quot;:&quot;fadeInLeft&quot;,&quot;animation_delay&quot;:1000}\">\n\t\t\t<div class=\"elementor-widget-wrap elementor-element-populated\">\n\t\t\t\t\t\t<div class=\"elementor-element elementor-element-40ec2808 elementor-widget-divider--view-line elementor-invisible elementor-widget elementor-widget-divider\" data-id=\"40ec2808\" data-element_type=\"widget\" data-settings=\"{&quot;_animation&quot;:&quot;fadeInUp&quot;}\" data-widget_type=\"divider.default\">\n\t\t\t\t<div class=\"elementor-widget-container\">\n\t\t\t\t\t<div class=\"elementor-divider\">\n\t\t\t<span class=\"elementor-divider-separator\">\n\t\t\t\t\t\t<\/span>\n\t\t<\/div>\n\t\t\t\t<\/div>\n\t\t\t\t<\/div>\n\t\t\t\t<div class=\"elementor-element elementor-element-fd4ce5a elementor-widget elementor-widget-text-editor\" data-id=\"fd4ce5a\" data-element_type=\"widget\" data-widget_type=\"text-editor.default\">\n\t\t\t\t<div class=\"elementor-widget-container\">\n\t\t\t\t\t\t\t<p>FRANCE<\/p>\t\t\t\t\t\t<\/div>\n\t\t\t\t<\/div>\n\t\t\t\t<div class=\"elementor-element elementor-element-9a65679 elementor-widget elementor-widget-text-editor\" data-id=\"9a65679\" data-element_type=\"widget\" data-widget_type=\"text-editor.default\">\n\t\t\t\t<div class=\"elementor-widget-container\">\n\t\t\t\t\t\t\t<div>11, Boulevard de S\u00e9bastopol<\/div><div>75001 &#8211; Paris, FRANCE<\/div>\t\t\t\t\t\t<\/div>\n\t\t\t\t<\/div>\n\t\t\t\t<div class=\"elementor-element elementor-element-ecaeb8d elementor-widget elementor-widget-spacer\" data-id=\"ecaeb8d\" data-element_type=\"widget\" data-widget_type=\"spacer.default\">\n\t\t\t\t<div class=\"elementor-widget-container\">\n\t\t\t\t\t<div class=\"elementor-spacer\">\n\t\t\t<div class=\"elementor-spacer-inner\"><\/div>\n\t\t<\/div>\n\t\t\t\t<\/div>\n\t\t\t\t<\/div>\n\t\t\t\t<div class=\"elementor-element elementor-element-9ff7b85 elementor-widget elementor-widget-google_maps\" data-id=\"9ff7b85\" data-element_type=\"widget\" data-widget_type=\"google_maps.default\">\n\t\t\t\t<div class=\"elementor-widget-container\">\n\t\t\t\t\t<div class=\"elementor-custom-embed\">\n\t\t\t<iframe loading=\"lazy\"\n\t\t\t\t\tsrc=\"https:\/\/maps.google.com\/maps?q=11%20boulevard%20de%20s%C3%A9bastopol&#038;t=m&#038;z=13&#038;output=embed&#038;iwloc=near\"\n\t\t\t\t\ttitle=\"11 boulevard de s\u00e9bastopol\"\n\t\t\t\t\taria-label=\"11 boulevard de s\u00e9bastopol\"\n\t\t\t><\/iframe>\n\t\t<\/div>\n\t\t\t\t<\/div>\n\t\t\t\t<\/div>\n\t\t\t\t<div class=\"elementor-element elementor-element-0e2546a elementor-widget elementor-widget-spacer\" data-id=\"0e2546a\" data-element_type=\"widget\" data-widget_type=\"spacer.default\">\n\t\t\t\t<div class=\"elementor-widget-container\">\n\t\t\t\t\t<div class=\"elementor-spacer\">\n\t\t\t<div class=\"elementor-spacer-inner\"><\/div>\n\t\t<\/div>\n\t\t\t\t<\/div>\n\t\t\t\t<\/div>\n\t\t\t\t<div class=\"elementor-element elementor-element-41434592 elementor-widget elementor-widget-text-editor\" data-id=\"41434592\" data-element_type=\"widget\" data-widget_type=\"text-editor.default\">\n\t\t\t\t<div class=\"elementor-widget-container\">\n\t\t\t\t\t\t\t<p>T\u00e9l. : +33 (0)1 40 70 80 56<\/p>\t\t\t\t\t\t<\/div>\n\t\t\t\t<\/div>\n\t\t\t\t<div class=\"elementor-element elementor-element-44898ef3 elementor-widget elementor-widget-text-editor\" data-id=\"44898ef3\" data-element_type=\"widget\" data-widget_type=\"text-editor.default\">\n\t\t\t\t<div class=\"elementor-widget-container\">\n\t\t\t\t\t\t\t<p>courriel: <a href=\"mailto:avocat@bole-richard.net\">avocat@bole-richard.net<\/a><\/p>\t\t\t\t\t\t<\/div>\n\t\t\t\t<\/div>\n\t\t\t\t<div class=\"elementor-element elementor-element-8c93701 elementor-widget elementor-widget-text-editor\" data-id=\"8c93701\" data-element_type=\"widget\" data-widget_type=\"text-editor.default\">\n\t\t\t\t<div class=\"elementor-widget-container\">\n\t\t\t\t\t\t\t<p>site web :\u00a0<a href=\"https:\/\/bolerichard-avocat.com\/en\/\">www.bolerichard-avocat.com<\/a><\/p>\t\t\t\t\t\t<\/div>\n\t\t\t\t<\/div>\n\t\t\t\t\t<\/div>\n\t\t<\/div>\n\t\t\t\t<div class=\"elementor-column elementor-col-50 elementor-top-column elementor-element elementor-element-1ff4d60 elementor-invisible\" data-id=\"1ff4d60\" data-element_type=\"column\" data-settings=\"{&quot;animation&quot;:&quot;fadeInLeft&quot;,&quot;animation_delay&quot;:1000}\">\n\t\t\t<div class=\"elementor-widget-wrap elementor-element-populated\">\n\t\t\t\t\t\t<div class=\"elementor-element elementor-element-2961a59 elementor-widget-divider--view-line elementor-invisible elementor-widget elementor-widget-divider\" data-id=\"2961a59\" data-element_type=\"widget\" data-settings=\"{&quot;_animation&quot;:&quot;fadeInUp&quot;}\" data-widget_type=\"divider.default\">\n\t\t\t\t<div class=\"elementor-widget-container\">\n\t\t\t\t\t<div class=\"elementor-divider\">\n\t\t\t<span class=\"elementor-divider-separator\">\n\t\t\t\t\t\t<\/span>\n\t\t<\/div>\n\t\t\t\t<\/div>\n\t\t\t\t<\/div>\n\t\t\t\t<div class=\"elementor-element elementor-element-edb9359 elementor-widget elementor-widget-text-editor\" data-id=\"edb9359\" data-element_type=\"widget\" data-widget_type=\"text-editor.default\">\n\t\t\t\t<div class=\"elementor-widget-container\">\n\t\t\t\t\t\t\t<p>ITALIE<\/p>\t\t\t\t\t\t<\/div>\n\t\t\t\t<\/div>\n\t\t\t\t<div class=\"elementor-element elementor-element-182060c elementor-widget elementor-widget-text-editor\" data-id=\"182060c\" data-element_type=\"widget\" data-widget_type=\"text-editor.default\">\n\t\t\t\t<div class=\"elementor-widget-container\">\n\t\t\t\t\t\t\t<div>Studio legale P&amp;P<\/div><div>Via Giuseppe Verdi, 50<\/div><div>80038 &#8211; Pomigliano d&rsquo;Arco (Naples), ITALIE<\/div>\t\t\t\t\t\t<\/div>\n\t\t\t\t<\/div>\n\t\t\t\t<div class=\"elementor-element elementor-element-788f1bc elementor-widget elementor-widget-spacer\" data-id=\"788f1bc\" data-element_type=\"widget\" data-widget_type=\"spacer.default\">\n\t\t\t\t<div class=\"elementor-widget-container\">\n\t\t\t\t\t<div class=\"elementor-spacer\">\n\t\t\t<div class=\"elementor-spacer-inner\"><\/div>\n\t\t<\/div>\n\t\t\t\t<\/div>\n\t\t\t\t<\/div>\n\t\t\t\t<div class=\"elementor-element elementor-element-5795afc elementor-widget elementor-widget-google_maps\" data-id=\"5795afc\" data-element_type=\"widget\" data-widget_type=\"google_maps.default\">\n\t\t\t\t<div class=\"elementor-widget-container\">\n\t\t\t\t\t<div class=\"elementor-custom-embed\">\n\t\t\t<iframe loading=\"lazy\"\n\t\t\t\t\tsrc=\"https:\/\/maps.google.com\/maps?q=Via%20verdi%2050%20pomigliano%20&#038;t=m&#038;z=10&#038;output=embed&#038;iwloc=near\"\n\t\t\t\t\ttitle=\"Via verdi 50 pomigliano \"\n\t\t\t\t\taria-label=\"Via verdi 50 pomigliano \"\n\t\t\t><\/iframe>\n\t\t<\/div>\n\t\t\t\t<\/div>\n\t\t\t\t<\/div>\n\t\t\t\t<div class=\"elementor-element elementor-element-346a12b elementor-widget elementor-widget-spacer\" data-id=\"346a12b\" data-element_type=\"widget\" data-widget_type=\"spacer.default\">\n\t\t\t\t<div class=\"elementor-widget-container\">\n\t\t\t\t\t<div class=\"elementor-spacer\">\n\t\t\t<div class=\"elementor-spacer-inner\"><\/div>\n\t\t<\/div>\n\t\t\t\t<\/div>\n\t\t\t\t<\/div>\n\t\t\t\t<div class=\"elementor-element elementor-element-85f1176 elementor-widget elementor-widget-text-editor\" data-id=\"85f1176\" data-element_type=\"widget\" data-widget_type=\"text-editor.default\">\n\t\t\t\t<div class=\"elementor-widget-container\">\n\t\t\t\t\t\t\t<p>T\u00e9l. : +39 351 679 7649<\/p>\t\t\t\t\t\t<\/div>\n\t\t\t\t<\/div>\n\t\t\t\t<div class=\"elementor-element elementor-element-9c08846 elementor-widget elementor-widget-text-editor\" data-id=\"9c08846\" data-element_type=\"widget\" data-widget_type=\"text-editor.default\">\n\t\t\t\t<div class=\"elementor-widget-container\">\n\t\t\t\t\t\t\t<p>courriel: <a href=\"mailto:legale@bole-richard.net\">legale@bole-richard.net<\/a><\/p>\t\t\t\t\t\t<\/div>\n\t\t\t\t<\/div>\n\t\t\t\t<div class=\"elementor-element elementor-element-8dc9058 elementor-widget elementor-widget-text-editor\" data-id=\"8dc9058\" data-element_type=\"widget\" data-widget_type=\"text-editor.default\">\n\t\t\t\t<div class=\"elementor-widget-container\">\n\t\t\t\t\t\t\t<p>PEC: <a href=\"mailto:legale.bole-richard@legalmail.it\">legale.bole-richard@legalmail.it<\/a><\/p>\t\t\t\t\t\t<\/div>\n\t\t\t\t<\/div>\n\t\t\t\t<div class=\"elementor-element elementor-element-baee1fa elementor-widget elementor-widget-text-editor\" data-id=\"baee1fa\" data-element_type=\"widget\" data-widget_type=\"text-editor.default\">\n\t\t\t\t<div class=\"elementor-widget-container\">\n\t\t\t\t\t\t\t<p>site web:\u00a0<a href=\"http:\/\/www.studiolegalepicozzipipola.com\">www.studiolegalepicozzipipola.com.com<\/a><\/p>\t\t\t\t\t\t<\/div>\n\t\t\t\t<\/div>\n\t\t\t\t\t<\/div>\n\t\t<\/div>\n\t\t\t\t\t<\/div>\n\t\t<\/section>\n\t\t\t\t<section class=\"elementor-section elementor-top-section elementor-element elementor-element-c6f8297 elementor-section-boxed elementor-section-height-default elementor-section-height-default\" data-id=\"c6f8297\" data-element_type=\"section\">\n\t\t\t\t\t\t<div class=\"elementor-container elementor-column-gap-default\">\n\t\t\t\t\t<div class=\"elementor-column elementor-col-100 elementor-top-column elementor-element elementor-element-65c3183\" data-id=\"65c3183\" data-element_type=\"column\">\n\t\t\t<div class=\"elementor-widget-wrap elementor-element-populated\">\n\t\t\t\t\t\t<div class=\"elementor-element elementor-element-ec42e18 elementor-widget elementor-widget-heading\" data-id=\"ec42e18\" data-element_type=\"widget\" data-widget_type=\"heading.default\">\n\t\t\t\t<div class=\"elementor-widget-container\">\n\t\t\t<h2 class=\"elementor-heading-title elementor-size-default\">Contact us<\/h2>\t\t<\/div>\n\t\t\t\t<\/div>\n\t\t\t\t\t<\/div>\n\t\t<\/div>\n\t\t\t\t\t<\/div>\n\t\t<\/section>\n\t\t\t\t<section class=\"elementor-section elementor-top-section elementor-element elementor-element-9d918ef elementor-section-boxed elementor-section-height-default elementor-section-height-default\" data-id=\"9d918ef\" data-element_type=\"section\">\n\t\t\t\t\t\t<div class=\"elementor-container elementor-column-gap-default\">\n\t\t\t\t\t<div class=\"elementor-column elementor-col-100 elementor-top-column elementor-element elementor-element-bc4995f\" data-id=\"bc4995f\" data-element_type=\"column\">\n\t\t\t<div class=\"elementor-widget-wrap elementor-element-populated\">\n\t\t\t\t\t\t<div class=\"elementor-element elementor-element-9ab40fd elementor-widget elementor-widget-wpforms\" data-id=\"9ab40fd\" data-element_type=\"widget\" data-widget_type=\"wpforms.default\">\n\t\t\t\t<div class=\"elementor-widget-container\">\n\t\t\t<div class=\"wpforms-container wpforms-container-full\" id=\"wpforms-293\"><form id=\"wpforms-form-293\" class=\"wpforms-validate wpforms-form\" data-formid=\"293\" method=\"post\" enctype=\"multipart\/form-data\" action=\"\/en\/wp-json\/wp\/v2\/pages\/39\" data-token=\"9981cbc7afef1f7886fec0e7664a4f5b\" data-token-time=\"1775631174\" data-trp-original-action=\"\/en\/wp-json\/wp\/v2\/pages\/39\"><noscript class=\"wpforms-error-noscript\">Please enable JavaScript in your browser to complete this form.<\/noscript><div class=\"wpforms-field-container\"><div id=\"wpforms-293-field_0-container\" class=\"wpforms-field wpforms-field-name\" data-field-id=\"0\"><label class=\"wpforms-field-label\" for=\"wpforms-293-field_0\">Nom <span class=\"wpforms-required-label\">*<\/span><\/label><div class=\"wpforms-field-row wpforms-field-medium\"><div class=\"wpforms-field-row-block wpforms-first wpforms-one-half\"><input type=\"text\" id=\"wpforms-293-field_0\" class=\"wpforms-field-name-first wpforms-field-required\" name=\"wpforms[fields][0][first]\" required><label for=\"wpforms-293-field_0\" class=\"wpforms-field-sublabel after\">First<\/label><\/div><div class=\"wpforms-field-row-block wpforms-one-half\"><input type=\"text\" id=\"wpforms-293-field_0-last\" class=\"wpforms-field-name-last wpforms-field-required\" name=\"wpforms[fields][0][last]\" required><label for=\"wpforms-293-field_0-last\" class=\"wpforms-field-sublabel after\">Last<\/label><\/div><\/div><\/div><div id=\"wpforms-293-field_11-container\" class=\"wpforms-field wpforms-field-text\" data-field-id=\"11\"><label class=\"wpforms-field-label\" for=\"wpforms-293-field_11\">Soci\u00e9t\u00e9<\/label><input type=\"text\" id=\"wpforms-293-field_11\" class=\"wpforms-field-medium\" name=\"wpforms[fields][11]\" ><\/div><div id=\"wpforms-293-field_1-container\" class=\"wpforms-field wpforms-field-email\" data-field-id=\"1\"><label class=\"wpforms-field-label\" for=\"wpforms-293-field_1\">E-mail <span class=\"wpforms-required-label\">*<\/span><\/label><input type=\"email\" id=\"wpforms-293-field_1\" class=\"wpforms-field-medium wpforms-field-required\" name=\"wpforms[fields][1]\" spellcheck=\"false\" required><\/div><div id=\"wpforms-293-field_9-container\" class=\"wpforms-field wpforms-field-text\" data-field-id=\"9\"><label class=\"wpforms-field-label\" for=\"wpforms-293-field_9\">T\u00e9l\u00e9phone<\/label><input type=\"text\" id=\"wpforms-293-field_9\" class=\"wpforms-field-medium\" name=\"wpforms[fields][9]\" ><\/div><div id=\"wpforms-293-field_5-container\" class=\"wpforms-field wpforms-field-radio\" data-field-id=\"5\"><label class=\"wpforms-field-label\" for=\"wpforms-293-field_5\">Avez-vous d\u00e9j\u00e0 engag\u00e9 une proc\u00e9dure ?<\/label><ul id=\"wpforms-293-field_5\"><li class=\"choice-1 depth-1\"><input type=\"radio\" id=\"wpforms-293-field_5_1\" name=\"wpforms[fields][5]\" value=\"Oui\"  ><label class=\"wpforms-field-label-inline\" for=\"wpforms-293-field_5_1\">Oui<\/label><\/li><li class=\"choice-2 depth-1\"><input type=\"radio\" id=\"wpforms-293-field_5_2\" name=\"wpforms[fields][5]\" value=\"Non\"  ><label class=\"wpforms-field-label-inline\" for=\"wpforms-293-field_5_2\">Non<\/label><\/li><\/ul><\/div><div id=\"wpforms-293-field_7-container\" class=\"wpforms-field wpforms-field-radio\" data-field-id=\"7\"><label class=\"wpforms-field-label\" for=\"wpforms-293-field_7\">Avez-vous d\u00e9j\u00e0 un Avocat ?<\/label><ul id=\"wpforms-293-field_7\"><li class=\"choice-1 depth-1\"><input type=\"radio\" id=\"wpforms-293-field_7_1\" name=\"wpforms[fields][7]\" value=\"Oui\"  ><label class=\"wpforms-field-label-inline\" for=\"wpforms-293-field_7_1\">Oui<\/label><\/li><li class=\"choice-2 depth-1\"><input type=\"radio\" id=\"wpforms-293-field_7_2\" name=\"wpforms[fields][7]\" value=\"Non\"  ><label class=\"wpforms-field-label-inline\" for=\"wpforms-293-field_7_2\">Non<\/label><\/li><\/ul><\/div><div id=\"wpforms-293-field_2-container\" class=\"wpforms-field wpforms-field-textarea\" data-field-id=\"2\"><label class=\"wpforms-field-label\" for=\"wpforms-293-field_2\">Commentaire ou message <span class=\"wpforms-required-label\">*<\/span><\/label><textarea id=\"wpforms-293-field_2\" class=\"wpforms-field-medium wpforms-field-required\" name=\"wpforms[fields][2]\" required><\/textarea><\/div><div id=\"wpforms-293-field_12-container\" class=\"wpforms-field wpforms-field-checkbox\" data-field-id=\"12\"><ul id=\"wpforms-293-field_12\" class=\"wpforms-field-required\"><li class=\"choice-1 depth-1\"><input type=\"checkbox\" id=\"wpforms-293-field_12_1\" name=\"wpforms[fields][12][]\" value=\"En cochant cette case, vous acceptez que vos donn\u00e9es soient collect\u00e9es en vue de vous recontacter.\" required><label class=\"wpforms-field-label-inline\" for=\"wpforms-293-field_12_1\">En cochant cette case, vous acceptez que vos donn\u00e9es soient collect\u00e9es en vue de vous recontacter.<\/label><\/li><\/ul><\/div><\/div><!-- .wpforms-field-container --><div class=\"wpforms-recaptcha-container wpforms-is-hcaptcha\" ><div class=\"g-recaptcha\" data-sitekey=\"2449668e-4e42-475b-89e5-0259e0943369\"><\/div><input type=\"text\" name=\"g-recaptcha-hidden\" class=\"wpforms-recaptcha-hidden\" style=\"position:absolute!important;clip:rect(0,0,0,0)!important;height:1px!important;width:1px!important;border:0!important;overflow:hidden!important;padding:0!important;margin:0!important;\" data-rule-hcaptcha=\"1\"><\/div><div class=\"wpforms-submit-container\" ><input type=\"hidden\" name=\"wpforms[id]\" value=\"293\"><input type=\"hidden\" name=\"page_title\" value=\"\"><input type=\"hidden\" name=\"page_url\" value=\"https:\/\/bolerichard-avocat.com\/en\/wp-json\/wp\/v2\/pages\/39\"><button type=\"submit\" name=\"wpforms[submit]\" id=\"wpforms-submit-293\" class=\"wpforms-submit\" data-alt-text=\"Envoi...\" data-submit-text=\"Envoyer\" aria-live=\"assertive\" value=\"wpforms-submit\">Envoyer<\/button><\/div><input type=\"hidden\" name=\"trp-form-language\" value=\"en\"\/><\/form><\/div>  <!-- .wpforms-container -->\t\t<\/div>\n\t\t\t\t<\/div>\n\t\t\t\t\t<\/div>\n\t\t<\/div>\n\t\t\t\t\t<\/div>\n\t\t<\/section>\n\t\t\t\t<\/div>","protected":false},"excerpt":{"rendered":"<p>Contact FRANCE 11, Boulevard de S\u00e9bastopol75001 &#8211; Paris, FRANCE T\u00e9l. : +33 (0)1 40 70 80 56 courriel: avocat@bole-richard.net site web :\u00a0www.bolerichard-avocat.com ITALIE Studio legale P&amp;PVia Giuseppe Verdi, 5080038 &#8211; Pomigliano d&rsquo;Arco (Naples), ITALIE T\u00e9l. : +39 351 679 7649 courriel: legale@bole-richard.net PEC: legale.bole-richard@legalmail.it site web:\u00a0www.studiolegalepicozzipipola.com.com Contacter le Cabinet Veuillez activer JavaScript dans votre navigateur&#8230;<\/p>","protected":false},"author":1,"featured_media":0,"parent":0,"menu_order":4,"comment_status":"closed","ping_status":"closed","template":"","meta":{"_kad_post_transparent":"","_kad_post_title":"hide","_kad_post_layout":"fullwidth","_kad_post_sidebar_id":"","_kad_post_content_style":"unboxed","_kad_post_vertical_padding":"hide","_kad_post_feature":"hide","_kad_post_feature_position":"","_kad_post_header":false,"_kad_post_footer":false,"footnotes":""},"yoast_head":"<!-- This site is optimized with the Yoast SEO plugin v23.4 - https:\/\/yoast.com\/wordpress\/plugins\/seo\/ -->\n<title>Contact &#8211; Lucien B\u00f4le-Richard<\/title>\n<meta name=\"description\" content=\"Avocat au Barreau de Paris Avocat autoris\u00e9 \u00e0 exercer en Italie - Contact en fran\u00e7ais, italien et anglais\" \/>\n<meta name=\"robots\" content=\"index, follow, max-snippet:-1, max-image-preview:large, max-video-preview:-1\" \/>\n<link rel=\"canonical\" href=\"https:\/\/bolerichard-avocat.com\/en\/contact\/\" \/>\n<meta property=\"og:locale\" content=\"en_GB\" \/>\n<meta property=\"og:type\" content=\"article\" \/>\n<meta property=\"og:title\" content=\"Contact &#8211; Lucien B\u00f4le-Richard\" \/>\n<meta property=\"og:description\" content=\"Avocat au Barreau de Paris Avocat autoris\u00e9 \u00e0 exercer en Italie - Contact en fran\u00e7ais, italien et anglais\" \/>\n<meta property=\"og:url\" content=\"https:\/\/bolerichard-avocat.com\/en\/contact\/\" \/>\n<meta property=\"og:site_name\" content=\"Lucien B\u00f4le-Richard\" \/>\n<meta property=\"article:modified_time\" content=\"2024-09-03T20:19:19+00:00\" \/>\n<meta name=\"twitter:card\" content=\"summary_large_image\" \/>\n<meta name=\"twitter:label1\" content=\"Estimated reading time\" \/>\n\t<meta name=\"twitter:data1\" content=\"1 minute\" \/>\n<script type=\"application\/ld+json\" class=\"yoast-schema-graph\">{\"@context\":\"https:\/\/schema.org\",\"@graph\":[{\"@type\":\"WebPage\",\"@id\":\"https:\/\/bolerichard-avocat.com\/contact\/\",\"url\":\"https:\/\/bolerichard-avocat.com\/contact\/\",\"name\":\"Contact &#8211; Lucien B\u00f4le-Richard\",\"isPartOf\":{\"@id\":\"https:\/\/bolerichard-avocat.com\/#website\"},\"datePublished\":\"2020-12-26T15:54:05+00:00\",\"dateModified\":\"2024-09-03T20:19:19+00:00\",\"description\":\"Avocat au Barreau de Paris Avocat autoris\u00e9 \u00e0 exercer en Italie - Contact en fran\u00e7ais, italien et anglais\",\"breadcrumb\":{\"@id\":\"https:\/\/bolerichard-avocat.com\/contact\/#breadcrumb\"},\"inLanguage\":\"en-GB\",\"potentialAction\":[{\"@type\":\"ReadAction\",\"target\":[\"https:\/\/bolerichard-avocat.com\/contact\/\"]}]},{\"@type\":\"BreadcrumbList\",\"@id\":\"https:\/\/bolerichard-avocat.com\/contact\/#breadcrumb\",\"itemListElement\":[{\"@type\":\"ListItem\",\"position\":1,\"name\":\"Accueil\",\"item\":\"https:\/\/bolerichard-avocat.com\/\"},{\"@type\":\"ListItem\",\"position\":2,\"name\":\"Contact\"}]},{\"@type\":\"WebSite\",\"@id\":\"https:\/\/bolerichard-avocat.com\/#website\",\"url\":\"https:\/\/bolerichard-avocat.com\/\",\"name\":\"Lucien B\u00f4le-Richard\",\"description\":\"\",\"publisher\":{\"@id\":\"https:\/\/bolerichard-avocat.com\/#organization\"},\"potentialAction\":[{\"@type\":\"SearchAction\",\"target\":{\"@type\":\"EntryPoint\",\"urlTemplate\":\"https:\/\/bolerichard-avocat.com\/?s={search_term_string}\"},\"query-input\":{\"@type\":\"PropertyValueSpecification\",\"valueRequired\":true,\"valueName\":\"search_term_string\"}}],\"inLanguage\":\"en-GB\"},{\"@type\":\"Organization\",\"@id\":\"https:\/\/bolerichard-avocat.com\/#organization\",\"name\":\"Lucien B\u00f4le-Richard - Avocat\",\"url\":\"https:\/\/bolerichard-avocat.com\/\",\"logo\":{\"@type\":\"ImageObject\",\"inLanguage\":\"en-GB\",\"@id\":\"https:\/\/bolerichard-avocat.com\/#\/schema\/logo\/image\/\",\"url\":\"https:\/\/bolerichard-avocat.com\/wp-content\/uploads\/2021\/01\/home1-icon1.png\",\"contentUrl\":\"https:\/\/bolerichard-avocat.com\/wp-content\/uploads\/2021\/01\/home1-icon1.png\",\"width\":54,\"height\":50,\"caption\":\"Lucien B\u00f4le-Richard - Avocat\"},\"image\":{\"@id\":\"https:\/\/bolerichard-avocat.com\/#\/schema\/logo\/image\/\"}}]}<\/script>\n<!-- \/ Yoast SEO plugin. -->","yoast_head_json":{"title":"Contact &#8211; Lucien B\u00f4le-Richard","description":"Avocat au Barreau de Paris Avocat autoris\u00e9 \u00e0 exercer en Italie - Contact en fran\u00e7ais, italien et anglais","robots":{"index":"index","follow":"follow","max-snippet":"max-snippet:-1","max-image-preview":"max-image-preview:large","max-video-preview":"max-video-preview:-1"},"canonical":"https:\/\/bolerichard-avocat.com\/en\/contact\/","og_locale":"en_GB","og_type":"article","og_title":"Contact &#8211; Lucien B\u00f4le-Richard","og_description":"Avocat au Barreau de Paris Avocat autoris\u00e9 \u00e0 exercer en Italie - Contact en fran\u00e7ais, italien et anglais","og_url":"https:\/\/bolerichard-avocat.com\/en\/contact\/","og_site_name":"Lucien B\u00f4le-Richard","article_modified_time":"2024-09-03T20:19:19+00:00","twitter_card":"summary_large_image","twitter_misc":{"Estimated reading time":"1 minute"},"schema":{"@context":"https:\/\/schema.org","@graph":[{"@type":"WebPage","@id":"https:\/\/bolerichard-avocat.com\/contact\/","url":"https:\/\/bolerichard-avocat.com\/contact\/","name":"Contact &#8211; Lucien B\u00f4le-Richard","isPartOf":{"@id":"https:\/\/bolerichard-avocat.com\/#website"},"datePublished":"2020-12-26T15:54:05+00:00","dateModified":"2024-09-03T20:19:19+00:00","description":"Avocat au Barreau de Paris Avocat autoris\u00e9 \u00e0 exercer en Italie - Contact en fran\u00e7ais, italien et anglais","breadcrumb":{"@id":"https:\/\/bolerichard-avocat.com\/contact\/#breadcrumb"},"inLanguage":"en-GB","potentialAction":[{"@type":"ReadAction","target":["https:\/\/bolerichard-avocat.com\/contact\/"]}]},{"@type":"BreadcrumbList","@id":"https:\/\/bolerichard-avocat.com\/contact\/#breadcrumb","itemListElement":[{"@type":"ListItem","position":1,"name":"Accueil","item":"https:\/\/bolerichard-avocat.com\/"},{"@type":"ListItem","position":2,"name":"Contact"}]},{"@type":"WebSite","@id":"https:\/\/bolerichard-avocat.com\/#website","url":"https:\/\/bolerichard-avocat.com\/","name":"Lucien B\u00f4le-Richard","description":"","publisher":{"@id":"https:\/\/bolerichard-avocat.com\/#organization"},"potentialAction":[{"@type":"SearchAction","target":{"@type":"EntryPoint","urlTemplate":"https:\/\/bolerichard-avocat.com\/?s={search_term_string}"},"query-input":{"@type":"PropertyValueSpecification","valueRequired":true,"valueName":"search_term_string"}}],"inLanguage":"en-GB"},{"@type":"Organization","@id":"https:\/\/bolerichard-avocat.com\/#organization","name":"Lucien B\u00f4le-Richard - Avocat","url":"https:\/\/bolerichard-avocat.com\/","logo":{"@type":"ImageObject","inLanguage":"en-GB","@id":"https:\/\/bolerichard-avocat.com\/#\/schema\/logo\/image\/","url":"https:\/\/bolerichard-avocat.com\/wp-content\/uploads\/2021\/01\/home1-icon1.png","contentUrl":"https:\/\/bolerichard-avocat.com\/wp-content\/uploads\/2021\/01\/home1-icon1.png","width":54,"height":50,"caption":"Lucien B\u00f4le-Richard - Avocat"},"image":{"@id":"https:\/\/bolerichard-avocat.com\/#\/schema\/logo\/image\/"}}]}},"_links":{"self":[{"href":"https:\/\/bolerichard-avocat.com\/en\/wp-json\/wp\/v2\/pages\/39"}],"collection":[{"href":"https:\/\/bolerichard-avocat.com\/en\/wp-json\/wp\/v2\/pages"}],"about":[{"href":"https:\/\/bolerichard-avocat.com\/en\/wp-json\/wp\/v2\/types\/page"}],"author":[{"embeddable":true,"href":"https:\/\/bolerichard-avocat.com\/en\/wp-json\/wp\/v2\/users\/1"}],"replies":[{"embeddable":true,"href":"https:\/\/bolerichard-avocat.com\/en\/wp-json\/wp\/v2\/comments?post=39"}],"version-history":[{"count":5,"href":"https:\/\/bolerichard-avocat.com\/en\/wp-json\/wp\/v2\/pages\/39\/revisions"}],"predecessor-version":[{"id":1324,"href":"https:\/\/bolerichard-avocat.com\/en\/wp-json\/wp\/v2\/pages\/39\/revisions\/1324"}],"wp:attachment":[{"href":"https:\/\/bolerichard-avocat.com\/en\/wp-json\/wp\/v2\/media?parent=39"}],"curies":[{"name":"wp","href":"https:\/\/api.w.org\/{rel}","templated":true}]}}