{"id":37,"date":"2020-12-26T15:53:57","date_gmt":"2020-12-26T15:53:57","guid":{"rendered":"https:\/\/bolerichard-avocat.com\/?page_id=37"},"modified":"2022-10-10T07:00:29","modified_gmt":"2022-10-10T07:00:29","slug":"honoraires","status":"publish","type":"page","link":"https:\/\/bolerichard-avocat.com\/en\/honoraires\/","title":{"rendered":"fees"},"content":{"rendered":"<div data-elementor-type=\"wp-page\" data-elementor-id=\"37\" class=\"elementor elementor-37\">\n\t\t\t\t\t\t<section class=\"elementor-section elementor-top-section elementor-element elementor-element-31b5174c elementor-section-boxed elementor-section-height-default elementor-section-height-default\" data-id=\"31b5174c\" data-element_type=\"section\" data-settings=\"{&quot;background_background&quot;:&quot;classic&quot;}\">\n\t\t\t\t\t\t\t<div class=\"elementor-background-overlay\"><\/div>\n\t\t\t\t\t\t\t<div class=\"elementor-container elementor-column-gap-default\">\n\t\t\t\t\t<div class=\"elementor-column elementor-col-100 elementor-top-column elementor-element elementor-element-465d8b6f\" data-id=\"465d8b6f\" data-element_type=\"column\">\n\t\t\t<div class=\"elementor-widget-wrap elementor-element-populated\">\n\t\t\t\t\t\t<div class=\"elementor-element elementor-element-57f79862 elementor-invisible elementor-widget elementor-widget-heading\" data-id=\"57f79862\" data-element_type=\"widget\" data-settings=\"{&quot;_animation&quot;:&quot;fadeInLeft&quot;,&quot;_animation_delay&quot;:200}\" data-widget_type=\"heading.default\">\n\t\t\t\t<div class=\"elementor-widget-container\">\n\t\t\t<p class=\"elementor-heading-title elementor-size-small\">fees<\/p>\t\t<\/div>\n\t\t\t\t<\/div>\n\t\t\t\t\t<\/div>\n\t\t<\/div>\n\t\t\t\t\t<\/div>\n\t\t<\/section>\n\t\t\t\t<section class=\"elementor-section elementor-top-section elementor-element elementor-element-2797f1f0 elementor-section-boxed elementor-section-height-default elementor-section-height-default\" data-id=\"2797f1f0\" data-element_type=\"section\">\n\t\t\t\t\t\t<div class=\"elementor-container elementor-column-gap-default\">\n\t\t\t\t\t<div class=\"elementor-column elementor-col-50 elementor-top-column elementor-element elementor-element-3c04a4d6 elementor-invisible\" data-id=\"3c04a4d6\" data-element_type=\"column\" data-settings=\"{&quot;animation&quot;:&quot;fadeInUp&quot;}\">\n\t\t\t<div class=\"elementor-widget-wrap elementor-element-populated\">\n\t\t\t\t\t\t<div class=\"elementor-element elementor-element-4e6d1517 elementor-widget elementor-widget-text-editor\" data-id=\"4e6d1517\" data-element_type=\"widget\" data-widget_type=\"text-editor.default\">\n\t\t\t\t<div class=\"elementor-widget-container\">\n\t\t\t\t\t\t\t<p>Les honoraires sont d\u00e9termin\u00e9s dans une convention d&rsquo;honoraires \u00e9crite, sign\u00e9e entre l&rsquo;Avocat et le Client. Cette convention indique la mission confi\u00e9e \u00e0 l&rsquo;Avocat ainsi que le montant de sa r\u00e9mun\u00e9ration. <\/p>\t\t\t\t\t\t<\/div>\n\t\t\t\t<\/div>\n\t\t\t\t<div class=\"elementor-element elementor-element-4331b6df elementor-widget elementor-widget-heading\" data-id=\"4331b6df\" data-element_type=\"widget\" data-widget_type=\"heading.default\">\n\t\t\t\t<div class=\"elementor-widget-container\">\n\t\t\t<h3 class=\"elementor-heading-title elementor-size-default\">Transparence financi\u00e8re<\/h3>\t\t<\/div>\n\t\t\t\t<\/div>\n\t\t\t\t<div class=\"elementor-element elementor-element-5926716 elementor-widget elementor-widget-text-editor\" data-id=\"5926716\" data-element_type=\"widget\" data-widget_type=\"text-editor.default\">\n\t\t\t\t<div class=\"elementor-widget-container\">\n\t\t\t\t\t\t\t<p>Nous nous effor\u00e7ons d&rsquo;assurer une parfaite transparence financi\u00e8re en abordant sans tabou ce point d\u00e8s le premier rendez-vous et en \u00e9mettant, avant intervention, un \u00e9crit d\u00e9crivant les conditions convenues : convention d&rsquo;honoraires ou courrier dans les cas simples.<\/p><p>Parfois un forfait peut \u00eatre convenu, compl\u00e9t\u00e9 par une clause de r\u00e9sultat. Il est possible, dans le cadre d&rsquo;un forfait ou du versement d&rsquo;une provision, d&rsquo;accorder des facilit\u00e9s de paiement (\u00e9chelonnement). <\/p><p>Pour certains clients, la solution consiste dans un abonnement qui nous permet de les accompagner dans la dur\u00e9e. <\/p><p>\u00a0<\/p>\t\t\t\t\t\t<\/div>\n\t\t\t\t<\/div>\n\t\t\t\t<div class=\"elementor-element elementor-element-46a0b27f elementor-widget elementor-widget-heading\" data-id=\"46a0b27f\" data-element_type=\"widget\" data-widget_type=\"heading.default\">\n\t\t\t\t<div class=\"elementor-widget-container\">\n\t\t\t<h3 class=\"elementor-heading-title elementor-size-default\">Accord<\/h3>\t\t<\/div>\n\t\t\t\t<\/div>\n\t\t\t\t<div class=\"elementor-element elementor-element-51d0336 elementor-widget elementor-widget-text-editor\" data-id=\"51d0336\" data-element_type=\"widget\" data-widget_type=\"text-editor.default\">\n\t\t\t\t<div class=\"elementor-widget-container\">\n\t\t\t\t\t\t\t<p>Le principe essentiel concernant les honoraires, c&rsquo;est qu&rsquo;ils sont fix\u00e9s d&rsquo;un commun accord avec le Client dans le cadre d&rsquo;une convention d&rsquo;honoraires (orale ou \u00e9crite).<\/p>\n<p>Selon quels crit\u00e8res ? Il faut distinguer les honoraires de diligence, dont nous parlons ici, des honoraires de r\u00e9sultat. Concernant les honoraires de diligence, quelle que soit leur modalit\u00e9 (temps, forfait, t\u00e2ches), ils d\u00e9pendent de deux types de crit\u00e8res :<\/p>\n<p><span style=\"text-decoration: underline;\">Crit\u00e8res subjectifs (le Client et l&rsquo;Avocat)<\/span><\/p>\n<p>Conform\u00e9ment \u00e0 la d\u00e9ontologie de la profession, les honoraires de diligence d&rsquo;un Avocat d\u00e9pendent d&rsquo;abord de la situation de fortune du Client. Pour \u00e9tonnant que cela puisse para\u00eetre, c&rsquo;est le premier crit\u00e8re. Il ne faut donc pas h\u00e9siter \u00e0 aborder ce point. (En cas d&rsquo;absence de tout moyen, il est possible de faire une demande d&rsquo;aide juridictionnelle)<\/p>\n<p>Le second crit\u00e8re concerne les frais et charges du Cabinet de l&rsquo;Avocat. Une structure avec secr\u00e9tariat, collaborateurs, locaux co\u00fbteux, etc., occasionne des frais et charges importants qui sont r\u00e9percut\u00e9s sur les honoraires vers\u00e9s par le Client.<\/p>\n<p>Notre Cabinet est une structure l\u00e9g\u00e8re, sans secr\u00e9tariat fixe ni collaborateur r\u00e9gulier, par cons\u00e9quent, selon ce param\u00e8tre, nos honoraires peuvent rester dans l&rsquo;ordre du raisonnable.<\/p>\n<p>Par ailleurs, toujours concernant l&rsquo;Avocat, il faut tenir compte de crit\u00e8res qui d\u00e9pendent beaucoup de la nature de l&rsquo;affaire : notori\u00e9t\u00e9 de l&rsquo;Avocat (en fonction des affaires), ses titres, son anciennet\u00e9, son exp\u00e9rience, la sp\u00e9cialisation dont il est titulaire.<br><\/p>\n<p><span style=\"text-decoration: underline;\">Crit\u00e8res objectifs (l&rsquo;affaire en cause)<\/span><\/p>\n<p>Les enjeux sont \u00e0 prendre en consid\u00e9ration \u00e9galement. C&rsquo;est-\u00e0-dire l&rsquo;importance des int\u00e9r\u00eats en cause, les avantages et le r\u00e9sultat obtenus au profit du Client ainsi que le service qui lui est rendu. Ce crit\u00e8re introduit une variable tr\u00e8s souple. <\/p>\n<p>Par ailleurs, il faut aussi tenir compte, en fonction du fond de l&rsquo;affaire, du temps consacr\u00e9 \u00e0 l&rsquo;affaire, de l&rsquo;importance du travail de recherche ainsi que de la nature et de la difficult\u00e9 de l&rsquo;affaire. <\/p>\t\t\t\t\t\t<\/div>\n\t\t\t\t<\/div>\n\t\t\t\t<div class=\"elementor-element elementor-element-5e71d37a elementor-align-center envato-kit-93-button elementor-mobile-align-center elementor-invisible elementor-widget elementor-widget-button\" data-id=\"5e71d37a\" data-element_type=\"widget\" data-settings=\"{&quot;_animation&quot;:&quot;fadeInUp&quot;,&quot;_animation_delay&quot;:700}\" data-widget_type=\"button.default\">\n\t\t\t\t<div class=\"elementor-widget-container\">\n\t\t\t\t\t<div class=\"elementor-button-wrapper\">\n\t\t\t<a class=\"elementor-button elementor-button-link elementor-size-sm\" href=\"https:\/\/bolerichard-avocat.com\/en\/contact\/\">\n\t\t\t\t\t\t<span class=\"elementor-button-content-wrapper\">\n\t\t\t\t\t\t\t\t\t<span class=\"elementor-button-text\">DEMANDER UN PREMIER RDV<\/span>\n\t\t\t\t\t<\/span>\n\t\t\t\t\t<\/a>\n\t\t<\/div>\n\t\t\t\t<\/div>\n\t\t\t\t<\/div>\n\t\t\t\t\t<\/div>\n\t\t<\/div>\n\t\t\t\t<div class=\"elementor-column elementor-col-50 elementor-top-column elementor-element elementor-element-18d9d9d8 elementor-invisible\" data-id=\"18d9d9d8\" data-element_type=\"column\" data-settings=\"{&quot;background_background&quot;:&quot;classic&quot;,&quot;animation&quot;:&quot;fadeInUp&quot;,&quot;animation_delay&quot;:200}\">\n\t\t\t<div class=\"elementor-widget-wrap elementor-element-populated\">\n\t\t\t\t\t\t<section class=\"elementor-section elementor-inner-section elementor-element elementor-element-4982205d elementor-section-boxed elementor-section-height-default elementor-section-height-default\" data-id=\"4982205d\" data-element_type=\"section\">\n\t\t\t\t\t\t<div class=\"elementor-container elementor-column-gap-default\">\n\t\t\t\t\t<div class=\"elementor-column elementor-col-100 elementor-inner-column elementor-element elementor-element-3704fea3\" data-id=\"3704fea3\" data-element_type=\"column\" data-settings=\"{&quot;background_background&quot;:&quot;classic&quot;}\">\n\t\t\t<div class=\"elementor-widget-wrap elementor-element-populated\">\n\t\t\t\t\t<div class=\"elementor-background-overlay\"><\/div>\n\t\t\t\t\t\t<div class=\"elementor-element elementor-element-665e6343 elementor-align-center envato-kit-93-button elementor-widget elementor-widget-button\" data-id=\"665e6343\" data-element_type=\"widget\" data-widget_type=\"button.default\">\n\t\t\t\t<div class=\"elementor-widget-container\">\n\t\t\t\t\t<div class=\"elementor-button-wrapper\">\n\t\t\t<a class=\"elementor-button elementor-button-link elementor-size-sm\" href=\"https:\/\/bolerichard-avocat.com\/en\/contact\/\">\n\t\t\t\t\t\t<span class=\"elementor-button-content-wrapper\">\n\t\t\t\t\t\t\t\t\t<span class=\"elementor-button-text\">Premi\u00e8re consulation gratuite<\/span>\n\t\t\t\t\t<\/span>\n\t\t\t\t\t<\/a>\n\t\t<\/div>\n\t\t\t\t<\/div>\n\t\t\t\t<\/div>\n\t\t\t\t\t<\/div>\n\t\t<\/div>\n\t\t\t\t\t<\/div>\n\t\t<\/section>\n\t\t\t\t\t<\/div>\n\t\t<\/div>\n\t\t\t\t\t<\/div>\n\t\t<\/section>\n\t\t\t\t<\/div>","protected":false},"excerpt":{"rendered":"<p>Honoraires Les honoraires sont d\u00e9termin\u00e9s dans une convention d&rsquo;honoraires \u00e9crite, sign\u00e9e entre l&rsquo;Avocat et le Client. Cette convention indique la mission confi\u00e9e \u00e0 l&rsquo;Avocat ainsi que le montant de sa r\u00e9mun\u00e9ration. Transparence financi\u00e8re Nous nous effor\u00e7ons d&rsquo;assurer une parfaite transparence financi\u00e8re en abordant sans tabou ce point d\u00e8s le premier rendez-vous et en \u00e9mettant, avant&#8230;<\/p>","protected":false},"author":1,"featured_media":0,"parent":0,"menu_order":3,"comment_status":"closed","ping_status":"closed","template":"","meta":{"_kad_post_transparent":"","_kad_post_title":"hide","_kad_post_layout":"fullwidth","_kad_post_sidebar_id":"","_kad_post_content_style":"unboxed","_kad_post_vertical_padding":"hide","_kad_post_feature":"hide","_kad_post_feature_position":"","_kad_post_header":false,"_kad_post_footer":false,"footnotes":""},"yoast_head":"<!-- This site is optimized with the Yoast SEO plugin v23.4 - https:\/\/yoast.com\/wordpress\/plugins\/seo\/ -->\n<title>Honoraires &#8211; Lucien B\u00f4le-Richard<\/title>\n<meta name=\"description\" content=\"Honoraires Les honoraires sont d\u00e9termin\u00e9s dans une convention d&#039;honoraires \u00e9crite, sign\u00e9e entre l&#039;Avocat et le Client. Cette convention indique la mission\" \/>\n<meta name=\"robots\" content=\"index, follow, max-snippet:-1, max-image-preview:large, max-video-preview:-1\" \/>\n<link rel=\"canonical\" href=\"https:\/\/bolerichard-avocat.com\/en\/honoraires\/\" \/>\n<meta property=\"og:locale\" content=\"en_GB\" \/>\n<meta property=\"og:type\" content=\"article\" \/>\n<meta property=\"og:title\" content=\"Honoraires &#8211; Lucien B\u00f4le-Richard\" \/>\n<meta property=\"og:description\" content=\"Honoraires Les honoraires sont d\u00e9termin\u00e9s dans une convention d&#039;honoraires \u00e9crite, sign\u00e9e entre l&#039;Avocat et le Client. Cette convention indique la mission\" \/>\n<meta property=\"og:url\" content=\"https:\/\/bolerichard-avocat.com\/en\/honoraires\/\" \/>\n<meta property=\"og:site_name\" content=\"Lucien B\u00f4le-Richard\" \/>\n<meta property=\"article:modified_time\" content=\"2022-10-10T07:00:29+00:00\" \/>\n<meta name=\"twitter:card\" content=\"summary_large_image\" \/>\n<meta name=\"twitter:label1\" content=\"Estimated reading time\" \/>\n\t<meta name=\"twitter:data1\" content=\"3 minutes\" \/>\n<script type=\"application\/ld+json\" class=\"yoast-schema-graph\">{\"@context\":\"https:\/\/schema.org\",\"@graph\":[{\"@type\":\"WebPage\",\"@id\":\"https:\/\/bolerichard-avocat.com\/honoraires\/\",\"url\":\"https:\/\/bolerichard-avocat.com\/honoraires\/\",\"name\":\"Honoraires &#8211; Lucien B\u00f4le-Richard\",\"isPartOf\":{\"@id\":\"https:\/\/bolerichard-avocat.com\/#website\"},\"datePublished\":\"2020-12-26T15:53:57+00:00\",\"dateModified\":\"2022-10-10T07:00:29+00:00\",\"description\":\"Honoraires Les honoraires sont d\u00e9termin\u00e9s dans une convention d'honoraires \u00e9crite, sign\u00e9e entre l'Avocat et le Client. Cette convention indique la mission\",\"breadcrumb\":{\"@id\":\"https:\/\/bolerichard-avocat.com\/honoraires\/#breadcrumb\"},\"inLanguage\":\"en-GB\",\"potentialAction\":[{\"@type\":\"ReadAction\",\"target\":[\"https:\/\/bolerichard-avocat.com\/honoraires\/\"]}]},{\"@type\":\"BreadcrumbList\",\"@id\":\"https:\/\/bolerichard-avocat.com\/honoraires\/#breadcrumb\",\"itemListElement\":[{\"@type\":\"ListItem\",\"position\":1,\"name\":\"Accueil\",\"item\":\"https:\/\/bolerichard-avocat.com\/\"},{\"@type\":\"ListItem\",\"position\":2,\"name\":\"Honoraires\"}]},{\"@type\":\"WebSite\",\"@id\":\"https:\/\/bolerichard-avocat.com\/#website\",\"url\":\"https:\/\/bolerichard-avocat.com\/\",\"name\":\"Lucien B\u00f4le-Richard\",\"description\":\"\",\"publisher\":{\"@id\":\"https:\/\/bolerichard-avocat.com\/#organization\"},\"potentialAction\":[{\"@type\":\"SearchAction\",\"target\":{\"@type\":\"EntryPoint\",\"urlTemplate\":\"https:\/\/bolerichard-avocat.com\/?s={search_term_string}\"},\"query-input\":{\"@type\":\"PropertyValueSpecification\",\"valueRequired\":true,\"valueName\":\"search_term_string\"}}],\"inLanguage\":\"en-GB\"},{\"@type\":\"Organization\",\"@id\":\"https:\/\/bolerichard-avocat.com\/#organization\",\"name\":\"Lucien B\u00f4le-Richard - Avocat\",\"url\":\"https:\/\/bolerichard-avocat.com\/\",\"logo\":{\"@type\":\"ImageObject\",\"inLanguage\":\"en-GB\",\"@id\":\"https:\/\/bolerichard-avocat.com\/#\/schema\/logo\/image\/\",\"url\":\"https:\/\/bolerichard-avocat.com\/wp-content\/uploads\/2021\/01\/home1-icon1.png\",\"contentUrl\":\"https:\/\/bolerichard-avocat.com\/wp-content\/uploads\/2021\/01\/home1-icon1.png\",\"width\":54,\"height\":50,\"caption\":\"Lucien B\u00f4le-Richard - Avocat\"},\"image\":{\"@id\":\"https:\/\/bolerichard-avocat.com\/#\/schema\/logo\/image\/\"}}]}<\/script>\n<!-- \/ Yoast SEO plugin. -->","yoast_head_json":{"title":"Honoraires &#8211; Lucien B\u00f4le-Richard","description":"Honoraires Les honoraires sont d\u00e9termin\u00e9s dans une convention d'honoraires \u00e9crite, sign\u00e9e entre l'Avocat et le Client. Cette convention indique la mission","robots":{"index":"index","follow":"follow","max-snippet":"max-snippet:-1","max-image-preview":"max-image-preview:large","max-video-preview":"max-video-preview:-1"},"canonical":"https:\/\/bolerichard-avocat.com\/en\/honoraires\/","og_locale":"en_GB","og_type":"article","og_title":"Honoraires &#8211; Lucien B\u00f4le-Richard","og_description":"Honoraires Les honoraires sont d\u00e9termin\u00e9s dans une convention d'honoraires \u00e9crite, sign\u00e9e entre l'Avocat et le Client. Cette convention indique la mission","og_url":"https:\/\/bolerichard-avocat.com\/en\/honoraires\/","og_site_name":"Lucien B\u00f4le-Richard","article_modified_time":"2022-10-10T07:00:29+00:00","twitter_card":"summary_large_image","twitter_misc":{"Estimated reading time":"3 minutes"},"schema":{"@context":"https:\/\/schema.org","@graph":[{"@type":"WebPage","@id":"https:\/\/bolerichard-avocat.com\/honoraires\/","url":"https:\/\/bolerichard-avocat.com\/honoraires\/","name":"Honoraires &#8211; Lucien B\u00f4le-Richard","isPartOf":{"@id":"https:\/\/bolerichard-avocat.com\/#website"},"datePublished":"2020-12-26T15:53:57+00:00","dateModified":"2022-10-10T07:00:29+00:00","description":"Honoraires Les honoraires sont d\u00e9termin\u00e9s dans une convention d'honoraires \u00e9crite, sign\u00e9e entre l'Avocat et le Client. Cette convention indique la mission","breadcrumb":{"@id":"https:\/\/bolerichard-avocat.com\/honoraires\/#breadcrumb"},"inLanguage":"en-GB","potentialAction":[{"@type":"ReadAction","target":["https:\/\/bolerichard-avocat.com\/honoraires\/"]}]},{"@type":"BreadcrumbList","@id":"https:\/\/bolerichard-avocat.com\/honoraires\/#breadcrumb","itemListElement":[{"@type":"ListItem","position":1,"name":"Accueil","item":"https:\/\/bolerichard-avocat.com\/"},{"@type":"ListItem","position":2,"name":"Honoraires"}]},{"@type":"WebSite","@id":"https:\/\/bolerichard-avocat.com\/#website","url":"https:\/\/bolerichard-avocat.com\/","name":"Lucien B\u00f4le-Richard","description":"","publisher":{"@id":"https:\/\/bolerichard-avocat.com\/#organization"},"potentialAction":[{"@type":"SearchAction","target":{"@type":"EntryPoint","urlTemplate":"https:\/\/bolerichard-avocat.com\/?s={search_term_string}"},"query-input":{"@type":"PropertyValueSpecification","valueRequired":true,"valueName":"search_term_string"}}],"inLanguage":"en-GB"},{"@type":"Organization","@id":"https:\/\/bolerichard-avocat.com\/#organization","name":"Lucien B\u00f4le-Richard - Avocat","url":"https:\/\/bolerichard-avocat.com\/","logo":{"@type":"ImageObject","inLanguage":"en-GB","@id":"https:\/\/bolerichard-avocat.com\/#\/schema\/logo\/image\/","url":"https:\/\/bolerichard-avocat.com\/wp-content\/uploads\/2021\/01\/home1-icon1.png","contentUrl":"https:\/\/bolerichard-avocat.com\/wp-content\/uploads\/2021\/01\/home1-icon1.png","width":54,"height":50,"caption":"Lucien B\u00f4le-Richard - Avocat"},"image":{"@id":"https:\/\/bolerichard-avocat.com\/#\/schema\/logo\/image\/"}}]}},"_links":{"self":[{"href":"https:\/\/bolerichard-avocat.com\/en\/wp-json\/wp\/v2\/pages\/37"}],"collection":[{"href":"https:\/\/bolerichard-avocat.com\/en\/wp-json\/wp\/v2\/pages"}],"about":[{"href":"https:\/\/bolerichard-avocat.com\/en\/wp-json\/wp\/v2\/types\/page"}],"author":[{"embeddable":true,"href":"https:\/\/bolerichard-avocat.com\/en\/wp-json\/wp\/v2\/users\/1"}],"replies":[{"embeddable":true,"href":"https:\/\/bolerichard-avocat.com\/en\/wp-json\/wp\/v2\/comments?post=37"}],"version-history":[{"count":5,"href":"https:\/\/bolerichard-avocat.com\/en\/wp-json\/wp\/v2\/pages\/37\/revisions"}],"predecessor-version":[{"id":1290,"href":"https:\/\/bolerichard-avocat.com\/en\/wp-json\/wp\/v2\/pages\/37\/revisions\/1290"}],"wp:attachment":[{"href":"https:\/\/bolerichard-avocat.com\/en\/wp-json\/wp\/v2\/media?parent=37"}],"curies":[{"name":"wp","href":"https:\/\/api.w.org\/{rel}","templated":true}]}}