{"id":1140,"date":"2022-08-02T13:31:04","date_gmt":"2022-08-02T13:31:04","guid":{"rendered":"https:\/\/bolerichard-avocat.com\/?page_id=1140"},"modified":"2022-08-02T13:43:26","modified_gmt":"2022-08-02T13:43:26","slug":"mentions-legales","status":"publish","type":"page","link":"https:\/\/bolerichard-avocat.com\/en\/mentions-legales\/","title":{"rendered":"Mentions l\u00e9gales"},"content":{"rendered":"<div data-elementor-type=\"wp-page\" data-elementor-id=\"1140\" class=\"elementor elementor-1140\">\n\t\t\t\t\t\t<section class=\"elementor-section elementor-top-section elementor-element elementor-element-512dd642 elementor-section-boxed elementor-section-height-default elementor-section-height-default\" data-id=\"512dd642\" data-element_type=\"section\">\n\t\t\t\t\t\t<div class=\"elementor-container elementor-column-gap-default\">\n\t\t\t\t\t<div class=\"elementor-column elementor-col-100 elementor-top-column elementor-element elementor-element-79b1ffe6\" data-id=\"79b1ffe6\" data-element_type=\"column\">\n\t\t\t<div class=\"elementor-widget-wrap elementor-element-populated\">\n\t\t\t\t\t\t<div class=\"elementor-element elementor-element-26091684 elementor-widget elementor-widget-text-editor\" data-id=\"26091684\" data-element_type=\"widget\" data-widget_type=\"text-editor.default\">\n\t\t\t\t<div class=\"elementor-widget-container\">\n\t\t\t\t\t\t\t<!-- wp:heading -->\n<h2>Pr\u00e9sentation du site<\/h2>\n<!-- \/wp:heading -->\n\n<!-- wp:paragraph -->\n<p>En vertu de l&rsquo;article 6 de la loi n\u00b0 2004-575 du 21 juin 2004 pour la confiance dans l&rsquo;\u00e9conomie num\u00e9rique, il est pr\u00e9cis\u00e9 aux utilisateurs du site https:\/\/bolerichard-avocat.com\/ l&rsquo;identit\u00e9 des diff\u00e9rents intervenants dans le cadre de sa r\u00e9alisation et de son suivi :<\/p>\n<!-- \/wp:paragraph -->\n\n<!-- wp:paragraph -->\n<p>Propri\u00e9taire : Lucien B\u00f4le-Richard &#8211; 11, Boulevard de S\u00e9bastopol &#8211; 75001 PARIS N\u00b0 SIREN : 881 341 978 &#8211; Barreau d&rsquo;appartenance : Paris &#8211; t\u00e9l.: 01.40.70.80.56<\/p>\n<!-- \/wp:paragraph -->\n\n<!-- wp:paragraph -->\n<p>Cr\u00e9ateur : Lucien B\u00f4le-Richard <\/p>\n<!-- \/wp:paragraph -->\n\n<!-- wp:paragraph -->\n<p>Responsable de la publication : Lucien B\u00f4le-Richard \u2013 avocat@bole-richard.net <\/p>\n<!-- \/wp:paragraph -->\n\n<!-- wp:paragraph -->\n<p>Webmaster : Lucien B\u00f4le-Richard\u2013 avocat@bole-richard.net <\/p>\n<!-- \/wp:paragraph -->\n\n<!-- wp:paragraph -->\n<p>H\u00e9bergeur : NameCheap<\/p>\n<!-- \/wp:paragraph -->\n\n<!-- wp:heading -->\n<h2>Responsabilit\u00e9<\/h2>\n<!-- \/wp:heading -->\n\n<!-- wp:paragraph -->\n<p>Le Cabinet d&rsquo;Avocats de Lucien B\u00f4le-Richard s\u2019engage \u00e0 mettre en oeuvre tous les moyens en sa possession pour assurer aux utilisateurs une accessibilit\u00e9 du site \u00e0 tout moment. Toutefois, elle ne pourra \u00eatre tenue responsable en cas d\u2019indisponibilit\u00e9 du site, pour quelque cause que ce soit.<\/p>\n<!-- \/wp:paragraph -->\n\n<!-- wp:paragraph -->\n<p>L\u2019utilisateur du site reconna\u00eet avoir pris connaissance des pr\u00e9sentes mentions l\u00e9gales et s\u2019engage \u00e0 la respecter.<\/p>\n<!-- \/wp:paragraph -->\n\n<!-- wp:paragraph -->\n<p>L\u2019utilisateur reconna\u00eet disposer de la comp\u00e9tence et des moyens n\u00e9cessaires pour acc\u00e9der au site et l\u2019utiliser, et reconna\u00eet avoir v\u00e9rifi\u00e9 que la configuration informatique utilis\u00e9e ne contient aucun virus et qu\u2019elle est en parfait \u00e9tat de fonctionnement.<\/p>\n<!-- \/wp:paragraph -->\n\n<!-- wp:paragraph -->\n<p>Les informations fournies par le Cabinet d&rsquo;Avocats de Lucien B\u00f4le-Richard le sont \u00e0 titre indicatif. le Cabinet d&rsquo;Avocats de Lucien B\u00f4le-Richard ne peut garantir l\u2019exactitude et la compl\u00e9tude des informations diffus\u00e9es sur son site ni la permanence de son bon fonctionnement ou sa totale s\u00e9curit\u00e9 informatique.<\/p>\n<!-- \/wp:paragraph -->\n\n<!-- wp:paragraph -->\n<p>Le Cabinet d&rsquo;Avocats de Lucien B\u00f4le-Richard met tout en \u0153uvre pour offrir aux utilisateurs des informations et des outils disponibles et v\u00e9rifi\u00e9s, mais ne saurait \u00eatre tenue responsable des erreurs, d\u2019une absence de disponibilit\u00e9 des informations et\/ou de la pr\u00e9sence de virus ou autres infections logiques sur son site.<\/p>\n<!-- \/wp:paragraph -->\n\n<!-- wp:paragraph -->\n<p>L\u2019utilisateur reconna\u00eet utiliser les informations et outils disponibles sur le site sous sa responsabilit\u00e9 exclusive.<\/p>\n<!-- \/wp:paragraph -->\n\n<!-- wp:heading -->\n<h2>Protection des donn\u00e9es personnelles<\/h2>\n<!-- \/wp:heading -->\n\n<!-- wp:paragraph -->\n<p>Les modalit\u00e9s de traitement des donn\u00e9es \u00e0 caract\u00e8re personnel sont d\u00e9finies dans la politique de confidentialit\u00e9 pr\u00e9sente sur ce site.<\/p>\n<!-- \/wp:paragraph -->\n\n<!-- wp:heading -->\n<h2>Propri\u00e9t\u00e9 intellectuelle<\/h2>\n<!-- \/wp:heading -->\n\n<!-- wp:paragraph -->\n<p>Le site bolerichard-avocat.com, pris dans sa globalit\u00e9, ainsi que chacun des \u00e9l\u00e9ments qui le composent pris ind\u00e9pendamment, notamment les programmes et d\u00e9veloppements sp\u00e9cifiques et les contenus incluant des donn\u00e9es, textes, images fixes ou anim\u00e9es, logotypes, sons, graphiques, fichiers, sont la propri\u00e9t\u00e9 exclusive de Lucien B\u00f4le-Richard ou de tiers qui lui ont conc\u00e9d\u00e9 une licence. Toute repr\u00e9sentation totale ou partielle du site ou d\u2019un des \u00e9l\u00e9ments qui le composent sans l\u2019autorisation expresse du Cabinet d&rsquo;Avocats de Lucien B\u00f4le-Richard est interdite et constituerait une contrefa\u00e7on sanctionn\u00e9e par les articles L.335-2 et suivants du Code de la propri\u00e9t\u00e9 intellectuelle. Les bases de donn\u00e9es figurant sur le site sont prot\u00e9g\u00e9es par les articles L.341-1 et suivants du Code de la propri\u00e9t\u00e9 intellectuelle et est sanctionn\u00e9e toute extraction ou r\u00e9utilisation qualitativement ou quantitativement substantielle du contenu des bases de donn\u00e9es.<\/p>\n<!-- \/wp:paragraph -->\n\n<!-- wp:paragraph -->\n<p>Les marques et les logotypes figurant sur le site sont des marques d\u00e9pos\u00e9es par le Cabinet d&rsquo;Avocats de Lucien B\u00f4le-Richard ou par des tiers. Toute reproduction, imitation ou usage, total ou partiel, de ces signes distinctifs sans l\u2019autorisation expresse et en violation des interdictions pr\u00e9vues aux articles L.713-2 et suivants du Code de la propri\u00e9t\u00e9 intellectuelle engage la responsabilit\u00e9 de leur auteur.<\/p>\n<!-- \/wp:paragraph -->\n\n<!-- wp:paragraph -->\n<p>Les autres signes distinctifs, notamment les d\u00e9nominations sociales, noms commerciaux, enseignes, noms de domaine reproduits sur le site sont la propri\u00e9t\u00e9 du Cabinet d&rsquo;Avocats de Lucien B\u00f4le-Richard ou des tiers et toute reproduction sans autorisation expresse est susceptible de constituer une usurpation engageant la responsabilit\u00e9 de son auteur sur le fondement de l\u2019article 1240 du Code civil.<\/p>\n<!-- \/wp:paragraph -->\n\n<!-- wp:heading -->\n<h2>Liens<\/h2>\n<!-- \/wp:heading -->\n\n<!-- wp:paragraph -->\n<p>Le Cabinet d&rsquo;Avocats de Lucien B\u00f4le-Richard se r\u00e9serve le droit de supprimer les liens propos\u00e9s par son site vers un site tiers si ce dernier devenait contraire aux principes essentiels de la profession d\u2019avocat, conform\u00e9ment au r\u00e8glement int\u00e9rieur de celle-ci.<\/p>\n<!-- \/wp:paragraph -->\n\n<!-- wp:paragraph -->\n<p>Les utilisateurs du site ne peuvent \u00e9tablir de lien profond vers le pr\u00e9sent site sans l\u2019autorisation pr\u00e9alable et \u00e9crite du Cabinet d&rsquo;Avocats de Lucien B\u00f4le-Richard.<\/p>\n<!-- \/wp:paragraph -->\n\n<!-- wp:heading -->\n<h2>Messagerie \u00e9lectronique professionnelle<\/h2>\n<!-- \/wp:heading -->\n\n<!-- wp:paragraph -->\n<p>Les adresses de courrier \u00e9lectronique du Cabinet d&rsquo;Avocats de Lucien B\u00f4le-Richard et de chacun de ses membres sont r\u00e9serv\u00e9es \u00e0 un usage professionnel.<\/p>\n<!-- \/wp:paragraph -->\n\n<!-- wp:paragraph -->\n<p>Les documents professionnels destin\u00e9s au Cabinet d&rsquo;Avocats de Lucien B\u00f4le-Richard doivent \u00eatre adress\u00e9s \u00e0 ces adresses de courrier \u00e9lectroniques professionnelles. Dans le cadre du droit \u00e0 une vie priv\u00e9e r\u00e9siduelle au travail, les r\u00e8gles du Cabinet d&rsquo;Avocats de Lucien B\u00f4le-Richard sont les suivantes :<\/p>\n<!-- \/wp:paragraph -->\n\n<!-- wp:list -->\n<ul><li>l\u2019utilisation de la messagerie professionnelle pour envoyer ou recevoir des messages priv\u00e9s ne peut \u00eatre effectu\u00e9e que dans les limites du droit \u00e0 une vie priv\u00e9e r\u00e9siduelle au travail ;<\/li><li>l\u2019objet du courrier \u00e9lectronique doit imp\u00e9rativement contenir la mention \u00ab PERSONNEL-PRIVE \u00bb ;<\/li><li>\u00e0 d\u00e9faut, le message ne sera pas trait\u00e9 automatiquement comme un courrier \u00e9lectronique priv\u00e9.<\/li><\/ul>\n<!-- \/wp:list -->\n\n<!-- wp:heading -->\n<h2>M\u00e9diateur \u00e0 la consommation<\/h2>\n<!-- \/wp:heading -->\n\n<!-- wp:paragraph -->\n<p>Le client consommateur est inform\u00e9 de la possibilit\u00e9 de recourir, en cas de contestation relative aux pr\u00e9sentes conditions g\u00e9n\u00e9rales, \u00e0 une proc\u00e9dure de m\u00e9diation conventionnelle ou \u00e0 tout autre mode alternatif de r\u00e8glement des diff\u00e9rends.<\/p>\n<!-- \/wp:paragraph -->\n\n<!-- wp:paragraph -->\n<p>A cet effet, le client consommateur est inform\u00e9 qu\u2019il peut saisir, apr\u00e8s avoir tent\u00e9 au pr\u00e9alable de r\u00e9soudre \u00e0 l\u2019amiable le litige directement avec le cabinet, le m\u00e9diateur \u00e0 la consommation de la profession d\u2019avocat \u2013 180 boulevard Haussmann 75008 Paris.<\/p>\n<!-- \/wp:paragraph -->\n\n<!-- wp:paragraph -->\n<p>Pour davantage d\u2019informations sur le processus de m\u00e9diation, le client consommateur est invit\u00e9 \u00e0 consulter le site internet du m\u00e9diateur \u00e0 la consommation de la profession d\u2019avocat : https:\/\/mediateur-consommation-avocat.fr\/.<\/p>\n<!-- \/wp:paragraph -->\n\n<!-- wp:paragraph -->\n<p>Le m\u00e9diateur peut notamment \u00eatre contact\u00e9 par courrier \u00e9lectronique \u00e0 l\u2019adresse suivante : mediateur@mediateur-consommation-avocat.fr, par courrier postal \u00e0 l\u2019adresse pr\u00e9cit\u00e9e ou en remplissant le formulaire en ligne accessible \u00e0 l\u2019adresse suivante https:\/\/mediateur-consommation-avocat.fr\/contacter-le-mediateur\/.<\/p>\n<!-- \/wp:paragraph -->\n\n<!-- wp:paragraph -->\n<p>Le client consommateur est inform\u00e9 que ne peuvent \u00eatre soumis au m\u00e9diateur les litiges pour lesquels la demande est manifestement infond\u00e9e ou abusive, ou lorsque cette demande a \u00e9t\u00e9 pr\u00e9c\u00e9demment examin\u00e9e, ou encore lorsqu&rsquo;elle est en cours d\u2019examen par un autre m\u00e9diateur ou par un tribunal. Il en est de m\u00eame si le client consommateur a introduit sa demande aupr\u00e8s du m\u00e9diateur dans un d\u00e9lai sup\u00e9rieur \u00e0 un an \u00e0 compter de sa r\u00e9clamation \u00e9crite aupr\u00e8s du cabinet ou si le litige n\u2019entre pas dans le champ de comp\u00e9tence du m\u00e9diateur, ou enfin si le consommateur ne justifie pas avoir tent\u00e9, au pr\u00e9alable, de r\u00e9soudre son litige directement aupr\u00e8s du cabinet par une r\u00e9clamation \u00e9crite.<\/p>\n<!-- \/wp:paragraph -->\n\n<!-- wp:paragraph -->\n<p>Le cabinet informe \u00e9galement le client consommateur de l\u2019existence d\u2019une plateforme de R\u00e8glement en Ligne des Litiges (\u00ab RLL \u00bb) \u00e0 laquelle il peut recourir. L\u2019utilisateur peut y acc\u00e9der depuis le lien suivant : http:\/\/ec.europa.eu\/consumers\/odr\/.<\/p>\n<!-- \/wp:paragraph -->\n\n<!-- wp:heading -->\n<h2>Droit applicable et attribution de juridiction<\/h2>\n<!-- \/wp:heading -->\n\n<!-- wp:paragraph -->\n<p>Tout litige en relation avec l\u2019utilisation du pr\u00e9sent site est soumis au droit fran\u00e7ais. Il est fait attribution exclusive de juridiction aux tribunaux comp\u00e9tents situ\u00e9s dans le ressort de la commune de Paris.<\/p>\n<!-- \/wp:paragraph -->\n\n<!-- wp:heading -->\n<h2>Principales lois concern\u00e9es<\/h2>\n<!-- \/wp:heading -->\n\n<!-- wp:paragraph -->\n<p>Loi n\u00b0 78-17 du 6 janvier 1978, notamment modifi\u00e9e par la loi n\u00b0 2004-801 du 6 ao\u00fbt 2004 relative \u00e0 l&rsquo;informatique, aux fichiers et aux libert\u00e9s.<\/p>\n<!-- \/wp:paragraph -->\n\n<!-- wp:paragraph -->\n<p>Loi n\u00b0 2004-575 du 21 juin 2004 pour la confiance dans l&rsquo;\u00e9conomie num\u00e9rique.<\/p>\n<!-- \/wp:paragraph -->\n\n<!-- wp:heading -->\n<h2>Modifications<\/h2>\n<!-- \/wp:heading -->\n\n<!-- wp:paragraph -->\n<p>Le Cabinet d&rsquo;Avocats de Lucien B\u00f4le-Richard se r\u00e9serve le droit de modifier le contenu de la politique de confidentialit\u00e9 \u00e0 tout moment et sans pr\u00e9avis. L\u2019utilisateur est donc invit\u00e9 \u00e0 consulter celle-ci r\u00e9guli\u00e8rement.<\/p>\n<!-- \/wp:paragraph -->\t\t\t\t\t\t<\/div>\n\t\t\t\t<\/div>\n\t\t\t\t\t<\/div>\n\t\t<\/div>\n\t\t\t\t\t<\/div>\n\t\t<\/section>\n\t\t\t\t<\/div>","protected":false},"excerpt":{"rendered":"<p>Pr\u00e9sentation du site En vertu de l&rsquo;article 6 de la loi n\u00b0 2004-575 du 21 juin 2004 pour la confiance dans l&rsquo;\u00e9conomie num\u00e9rique, il est pr\u00e9cis\u00e9 aux utilisateurs du site https:\/\/bolerichard-avocat.com\/ l&rsquo;identit\u00e9 des diff\u00e9rents intervenants dans le cadre de sa r\u00e9alisation et de son suivi : Propri\u00e9taire : Lucien B\u00f4le-Richard &#8211; 11, Boulevard de S\u00e9bastopol&#8230;<\/p>","protected":false},"author":2,"featured_media":0,"parent":0,"menu_order":0,"comment_status":"closed","ping_status":"closed","template":"","meta":{"_kad_post_transparent":"","_kad_post_title":"","_kad_post_layout":"","_kad_post_sidebar_id":"","_kad_post_content_style":"","_kad_post_vertical_padding":"","_kad_post_feature":"","_kad_post_feature_position":"","_kad_post_header":false,"_kad_post_footer":false,"footnotes":""},"yoast_head":"<!-- This site is optimized with the Yoast SEO plugin v23.4 - https:\/\/yoast.com\/wordpress\/plugins\/seo\/ -->\n<title>Mentions l\u00e9gales &#8211; Lucien B\u00f4le-Richard<\/title>\n<meta name=\"description\" content=\"Pr\u00e9sentation du site En vertu de l&#039;article 6 de la loi n\u00b0 2004-575 du 21 juin 2004 pour la confiance dans l&#039;\u00e9conomie num\u00e9rique, il est pr\u00e9cis\u00e9 aux\" \/>\n<meta name=\"robots\" content=\"noindex, follow\" \/>\n<meta property=\"og:locale\" content=\"en_GB\" \/>\n<meta property=\"og:type\" content=\"article\" \/>\n<meta property=\"og:title\" content=\"Mentions l\u00e9gales &#8211; Lucien B\u00f4le-Richard\" \/>\n<meta property=\"og:description\" content=\"Pr\u00e9sentation du site En vertu de l&#039;article 6 de la loi n\u00b0 2004-575 du 21 juin 2004 pour la confiance dans l&#039;\u00e9conomie num\u00e9rique, il est pr\u00e9cis\u00e9 aux\" \/>\n<meta property=\"og:url\" content=\"https:\/\/bolerichard-avocat.com\/en\/mentions-legales\/\" \/>\n<meta property=\"og:site_name\" content=\"Lucien B\u00f4le-Richard\" \/>\n<meta property=\"article:modified_time\" content=\"2022-08-02T13:43:26+00:00\" \/>\n<meta name=\"twitter:card\" content=\"summary_large_image\" \/>\n<meta name=\"twitter:label1\" content=\"Estimated reading time\" \/>\n\t<meta name=\"twitter:data1\" content=\"6 minutes\" \/>\n<script type=\"application\/ld+json\" class=\"yoast-schema-graph\">{\"@context\":\"https:\/\/schema.org\",\"@graph\":[{\"@type\":\"WebPage\",\"@id\":\"https:\/\/bolerichard-avocat.com\/mentions-legales\/\",\"url\":\"https:\/\/bolerichard-avocat.com\/mentions-legales\/\",\"name\":\"Mentions l\u00e9gales &#8211; Lucien B\u00f4le-Richard\",\"isPartOf\":{\"@id\":\"https:\/\/bolerichard-avocat.com\/#website\"},\"datePublished\":\"2022-08-02T13:31:04+00:00\",\"dateModified\":\"2022-08-02T13:43:26+00:00\",\"description\":\"Pr\u00e9sentation du site En vertu de l'article 6 de la loi n\u00b0 2004-575 du 21 juin 2004 pour la confiance dans l'\u00e9conomie num\u00e9rique, il est pr\u00e9cis\u00e9 aux\",\"breadcrumb\":{\"@id\":\"https:\/\/bolerichard-avocat.com\/mentions-legales\/#breadcrumb\"},\"inLanguage\":\"en-GB\",\"potentialAction\":[{\"@type\":\"ReadAction\",\"target\":[\"https:\/\/bolerichard-avocat.com\/mentions-legales\/\"]}]},{\"@type\":\"BreadcrumbList\",\"@id\":\"https:\/\/bolerichard-avocat.com\/mentions-legales\/#breadcrumb\",\"itemListElement\":[{\"@type\":\"ListItem\",\"position\":1,\"name\":\"Accueil\",\"item\":\"https:\/\/bolerichard-avocat.com\/\"},{\"@type\":\"ListItem\",\"position\":2,\"name\":\"Mentions l\u00e9gales\"}]},{\"@type\":\"WebSite\",\"@id\":\"https:\/\/bolerichard-avocat.com\/#website\",\"url\":\"https:\/\/bolerichard-avocat.com\/\",\"name\":\"Lucien B\u00f4le-Richard\",\"description\":\"\",\"publisher\":{\"@id\":\"https:\/\/bolerichard-avocat.com\/#organization\"},\"potentialAction\":[{\"@type\":\"SearchAction\",\"target\":{\"@type\":\"EntryPoint\",\"urlTemplate\":\"https:\/\/bolerichard-avocat.com\/?s={search_term_string}\"},\"query-input\":{\"@type\":\"PropertyValueSpecification\",\"valueRequired\":true,\"valueName\":\"search_term_string\"}}],\"inLanguage\":\"en-GB\"},{\"@type\":\"Organization\",\"@id\":\"https:\/\/bolerichard-avocat.com\/#organization\",\"name\":\"Lucien B\u00f4le-Richard - Avocat\",\"url\":\"https:\/\/bolerichard-avocat.com\/\",\"logo\":{\"@type\":\"ImageObject\",\"inLanguage\":\"en-GB\",\"@id\":\"https:\/\/bolerichard-avocat.com\/#\/schema\/logo\/image\/\",\"url\":\"https:\/\/bolerichard-avocat.com\/wp-content\/uploads\/2021\/01\/home1-icon1.png\",\"contentUrl\":\"https:\/\/bolerichard-avocat.com\/wp-content\/uploads\/2021\/01\/home1-icon1.png\",\"width\":54,\"height\":50,\"caption\":\"Lucien B\u00f4le-Richard - Avocat\"},\"image\":{\"@id\":\"https:\/\/bolerichard-avocat.com\/#\/schema\/logo\/image\/\"}}]}<\/script>\n<!-- \/ Yoast SEO plugin. -->","yoast_head_json":{"title":"Mentions l\u00e9gales &#8211; Lucien B\u00f4le-Richard","description":"Pr\u00e9sentation du site En vertu de l'article 6 de la loi n\u00b0 2004-575 du 21 juin 2004 pour la confiance dans l'\u00e9conomie num\u00e9rique, il est pr\u00e9cis\u00e9 aux","robots":{"index":"noindex","follow":"follow"},"og_locale":"en_GB","og_type":"article","og_title":"Mentions l\u00e9gales &#8211; Lucien B\u00f4le-Richard","og_description":"Pr\u00e9sentation du site En vertu de l'article 6 de la loi n\u00b0 2004-575 du 21 juin 2004 pour la confiance dans l'\u00e9conomie num\u00e9rique, il est pr\u00e9cis\u00e9 aux","og_url":"https:\/\/bolerichard-avocat.com\/en\/mentions-legales\/","og_site_name":"Lucien B\u00f4le-Richard","article_modified_time":"2022-08-02T13:43:26+00:00","twitter_card":"summary_large_image","twitter_misc":{"Estimated reading time":"6 minutes"},"schema":{"@context":"https:\/\/schema.org","@graph":[{"@type":"WebPage","@id":"https:\/\/bolerichard-avocat.com\/mentions-legales\/","url":"https:\/\/bolerichard-avocat.com\/mentions-legales\/","name":"Mentions l\u00e9gales &#8211; Lucien B\u00f4le-Richard","isPartOf":{"@id":"https:\/\/bolerichard-avocat.com\/#website"},"datePublished":"2022-08-02T13:31:04+00:00","dateModified":"2022-08-02T13:43:26+00:00","description":"Pr\u00e9sentation du site En vertu de l'article 6 de la loi n\u00b0 2004-575 du 21 juin 2004 pour la confiance dans l'\u00e9conomie num\u00e9rique, il est pr\u00e9cis\u00e9 aux","breadcrumb":{"@id":"https:\/\/bolerichard-avocat.com\/mentions-legales\/#breadcrumb"},"inLanguage":"en-GB","potentialAction":[{"@type":"ReadAction","target":["https:\/\/bolerichard-avocat.com\/mentions-legales\/"]}]},{"@type":"BreadcrumbList","@id":"https:\/\/bolerichard-avocat.com\/mentions-legales\/#breadcrumb","itemListElement":[{"@type":"ListItem","position":1,"name":"Accueil","item":"https:\/\/bolerichard-avocat.com\/"},{"@type":"ListItem","position":2,"name":"Mentions l\u00e9gales"}]},{"@type":"WebSite","@id":"https:\/\/bolerichard-avocat.com\/#website","url":"https:\/\/bolerichard-avocat.com\/","name":"Lucien B\u00f4le-Richard","description":"","publisher":{"@id":"https:\/\/bolerichard-avocat.com\/#organization"},"potentialAction":[{"@type":"SearchAction","target":{"@type":"EntryPoint","urlTemplate":"https:\/\/bolerichard-avocat.com\/?s={search_term_string}"},"query-input":{"@type":"PropertyValueSpecification","valueRequired":true,"valueName":"search_term_string"}}],"inLanguage":"en-GB"},{"@type":"Organization","@id":"https:\/\/bolerichard-avocat.com\/#organization","name":"Lucien B\u00f4le-Richard - Avocat","url":"https:\/\/bolerichard-avocat.com\/","logo":{"@type":"ImageObject","inLanguage":"en-GB","@id":"https:\/\/bolerichard-avocat.com\/#\/schema\/logo\/image\/","url":"https:\/\/bolerichard-avocat.com\/wp-content\/uploads\/2021\/01\/home1-icon1.png","contentUrl":"https:\/\/bolerichard-avocat.com\/wp-content\/uploads\/2021\/01\/home1-icon1.png","width":54,"height":50,"caption":"Lucien B\u00f4le-Richard - Avocat"},"image":{"@id":"https:\/\/bolerichard-avocat.com\/#\/schema\/logo\/image\/"}}]}},"_links":{"self":[{"href":"https:\/\/bolerichard-avocat.com\/en\/wp-json\/wp\/v2\/pages\/1140"}],"collection":[{"href":"https:\/\/bolerichard-avocat.com\/en\/wp-json\/wp\/v2\/pages"}],"about":[{"href":"https:\/\/bolerichard-avocat.com\/en\/wp-json\/wp\/v2\/types\/page"}],"author":[{"embeddable":true,"href":"https:\/\/bolerichard-avocat.com\/en\/wp-json\/wp\/v2\/users\/2"}],"replies":[{"embeddable":true,"href":"https:\/\/bolerichard-avocat.com\/en\/wp-json\/wp\/v2\/comments?post=1140"}],"version-history":[{"count":5,"href":"https:\/\/bolerichard-avocat.com\/en\/wp-json\/wp\/v2\/pages\/1140\/revisions"}],"predecessor-version":[{"id":1167,"href":"https:\/\/bolerichard-avocat.com\/en\/wp-json\/wp\/v2\/pages\/1140\/revisions\/1167"}],"wp:attachment":[{"href":"https:\/\/bolerichard-avocat.com\/en\/wp-json\/wp\/v2\/media?parent=1140"}],"curies":[{"name":"wp","href":"https:\/\/api.w.org\/{rel}","templated":true}]}}