{"id":1127,"date":"2022-08-02T12:43:44","date_gmt":"2022-08-02T12:43:44","guid":{"rendered":"https:\/\/bolerichard-avocat.com\/?page_id=1127"},"modified":"2022-08-02T12:58:25","modified_gmt":"2022-08-02T12:58:25","slug":"politique-de-confidentialite","status":"publish","type":"page","link":"https:\/\/bolerichard-avocat.com\/en\/politique-de-confidentialite\/","title":{"rendered":"Politique de confidentialit\u00e9"},"content":{"rendered":"<div data-elementor-type=\"wp-page\" data-elementor-id=\"1127\" class=\"elementor elementor-1127\">\n\t\t\t\t\t\t<section class=\"elementor-section elementor-top-section elementor-element elementor-element-3d1d7a5c elementor-section-boxed elementor-section-height-default elementor-section-height-default\" data-id=\"3d1d7a5c\" data-element_type=\"section\">\n\t\t\t\t\t\t<div class=\"elementor-container elementor-column-gap-default\">\n\t\t\t\t\t<div class=\"elementor-column elementor-col-100 elementor-top-column elementor-element elementor-element-223b24df\" data-id=\"223b24df\" data-element_type=\"column\">\n\t\t\t<div class=\"elementor-widget-wrap elementor-element-populated\">\n\t\t\t\t\t\t<div class=\"elementor-element elementor-element-131d5ea elementor-widget elementor-widget-text-editor\" data-id=\"131d5ea\" data-element_type=\"widget\" data-widget_type=\"text-editor.default\">\n\t\t\t\t<div class=\"elementor-widget-container\">\n\t\t\t\t\t\t\t<!-- wp:paragraph -->\n<p>Le Cabinet d&rsquo;Avocats de Lucien B\u00f4le-Richard s&rsquo;engage \u00e0 assurer la confidentialit\u00e9 des donn\u00e9es \u00e0 caract\u00e8re personnel confi\u00e9es par ses clients par la mise en \u0153uvre de dispositifs techniques de protection des donn\u00e9es \u00e0 caract\u00e8re personnel et de mesures organisationnelles permettant de limiter les risques d\u2019atteinte aux droits et libert\u00e9s des individus.<\/p>\n<!-- \/wp:paragraph -->\n\n<!-- wp:paragraph -->\n<p>Le cabinet limite la collecte des donn\u00e9es \u00e0 ce qui est strictement n\u00e9cessaire \u00e0 l\u2019accomplissement de sa mission et traite l\u2019ensemble des donn\u00e9es transmises pour l\u2019accomplissement de sa mission (notamment les nom, pr\u00e9nom, adresse, adresse email, num\u00e9ro de t\u00e9l\u00e9phone, statut professionnel ou particulier, informations matrimoniales, sociales ou fiscales, service et\/ou civilit\u00e9, soci\u00e9t\u00e9, fonction, informations de paiement, mais aussi les informations transmises par le client concernant sa propre client\u00e8le ou des tiers pour les besoins de la mission confi\u00e9e. Il est pr\u00e9cis\u00e9 que lesdites donn\u00e9es restent en tout \u00e9tat de cause confidentielles en vertu d\u2019une obligation de secret professionnel r\u00e9glement\u00e9e \u00e0 laquelle les avocats et le personnel de l&rsquo;association sont soumis.<\/p>\n<!-- \/wp:paragraph -->\n\n<!-- wp:paragraph -->\n<p>Les donn\u00e9es collect\u00e9es pourront \u00eatre transmises aux avocats et au personnel salari\u00e9 du Cabinet, \u00e0 l\u2019autorit\u00e9 publique, aux juridictions, officiers minist\u00e9riels, auxiliaires de justice ou tout autre prestataire dont l\u2019intervention est n\u00e9cessit\u00e9e par la mission (par exemple : un huissier, un expert ou un traducteur).<\/p>\n<!-- \/wp:paragraph -->\n\n<!-- wp:paragraph -->\n<p>Le traitement des donn\u00e9es \u00e0 caract\u00e8re personnel mis en \u0153uvre a pour base juridique :<\/p>\n<!-- \/wp:paragraph -->\n\n<!-- wp:list -->\n<ul><li>L\u2019ex\u00e9cution de mesures pr\u00e9contractuelles ou du contrat, lorsque l&rsquo;association met en \u0153uvre un traitement des donn\u00e9es ayant pour finalit\u00e9 :<ul><li>la production, la gestion, le suivi des dossiers de ses clients ;<\/li><li>le recouvrement.<\/li><li>Le respect d\u2019obligations l\u00e9gales et r\u00e9glementaires lorsque l&rsquo;association met en \u0153uvre un traitement des donn\u00e9es ayant pour finalit\u00e9 :<ul><li>la facturation ;<\/li><li>la comptabilit\u00e9 ;<\/li><li>la pr\u00e9vention du blanchiment et du financement du terrorisme et la lutte contre la corruption<\/li><li>L\u2019int\u00e9r\u00eat l\u00e9gitime poursuivi par l&rsquo;association lorsqu\u2019il poursuit les finalit\u00e9s suivantes :<\/li><li>prospection et animation ;<\/li><li>gestion de la relation avec ses clients ;<\/li><li>organisation, inscription et invitation aux \u00e9v\u00e9nements anim\u00e9s par l&rsquo;association.<\/li><\/ul><\/li><\/ul><\/li><\/ul>\n<!-- \/wp:list -->\n\n<!-- wp:paragraph -->\n<p>Le Cabinet ne conserve les donn\u00e9es que pour la dur\u00e9e n\u00e9cessaire aux op\u00e9rations pour lesquelles elles ont \u00e9t\u00e9 collect\u00e9es ainsi que dans le respect de la r\u00e8glementation en vigueur notamment en mati\u00e8re de responsabilit\u00e9 civile professionnelle.<\/p>\n<!-- \/wp:paragraph -->\n\n<!-- wp:paragraph -->\n<p>A cet \u00e9gard, les donn\u00e9es des clients sont conserv\u00e9es pendant la dur\u00e9e des relations contractuelles augment\u00e9e de 5 ans \u00e0 des fins d\u2019animation et prospection, sans pr\u00e9judice des obligations de conservation ou des d\u00e9lais de prescription.<\/p>\n<!-- \/wp:paragraph -->\n\n<!-- wp:paragraph -->\n<p>En mati\u00e8re de pr\u00e9vention du blanchiment et du financement du terrorisme, les donn\u00e9es sont conserv\u00e9es 5 ans apr\u00e8s la fin des relations avec le cabinet. En mati\u00e8re de comptabilit\u00e9, elles sont conserv\u00e9es 10 ans \u00e0 compter de la cl\u00f4ture de l\u2019exercice comptable.<\/p>\n<!-- \/wp:paragraph -->\n\n<!-- wp:paragraph -->\n<p>Les donn\u00e9es personnelles sont stock\u00e9es soit dans nos bases de donn\u00e9es, soit dans celles de nos prestataires de services. Ces derniers sont situ\u00e9s au sein de l\u2019Union Europ\u00e9enne.<\/p>\n<!-- \/wp:paragraph -->\n\n<!-- wp:paragraph -->\n<p>Dans les conditions d\u00e9finies par la loi Informatique et libert\u00e9s du 6 janvier 1978 et le r\u00e8glement europ\u00e9en sur la protection des donn\u00e9es n\u00b02016\/679\/UE du 27 avril 2016, les personnes physiques disposent d\u2019un droit d\u2019acc\u00e8s aux donn\u00e9es les concernant, de rectification, d\u2019interrogation, de limitation, de portabilit\u00e9, d\u2019effacement. Pour ce faire, la personne concern\u00e9e devra \u00e9crire un courrier \u00e9lectronique au responsable de traitement, Ma\u00eetre Lucien B\u00d4LE-RICHARD, \u00e0 l\u2019adresse email suivante : avocat@bole-richard.net, en joignant la copie d\u2019un titre d\u2019identit\u00e9 en cours de validit\u00e9.<\/p>\n<!-- \/wp:paragraph -->\n\n<!-- wp:paragraph -->\n<p>Les personnes concern\u00e9es par les traitements mis en \u0153uvre disposent \u00e9galement d\u2019un droit leur permettant de s\u2019opposer \u00e0 tout moment, pour des raisons tenant \u00e0 leur situation particuli\u00e8re, \u00e0 un traitement des donn\u00e9es \u00e0 caract\u00e8re personnel ayant comme base juridique l\u2019int\u00e9r\u00eat l\u00e9gitime de l&rsquo;association, ainsi que d\u2019un droit d\u2019opposition \u00e0 la prospection commerciale.<\/p>\n<!-- \/wp:paragraph -->\n\n<!-- wp:paragraph -->\n<p>Elles disposent \u00e9galement du droit de d\u00e9finir des directives g\u00e9n\u00e9rales et particuli\u00e8res d\u00e9finissant la mani\u00e8re dont elles entendent que soient exerc\u00e9s, apr\u00e8s leur d\u00e9c\u00e8s, les droits mentionn\u00e9s ci-dessus \u00e0 l\u2019adresse postale du cabinet accompagn\u00e9 d\u2019une copie d\u2019un titre d\u2019identit\u00e9 sign\u00e9.<\/p>\n<!-- \/wp:paragraph -->\n\n<!-- wp:paragraph -->\n<p>Elles disposent par ailleurs du droit d\u2019introduire une r\u00e9clamation aupr\u00e8s de la Cnil.<\/p>\n<!-- \/wp:paragraph -->\n\n<!-- wp:paragraph -->\n<p>L\u2019attention de l\u2019internaute est toutefois attir\u00e9e sur le fait que ne pas fournir toute information utile peut emp\u00eacher l\u2019avocat de traiter sa demande ou en retarder le traitement.<\/p>\n<!-- \/wp:paragraph -->\n\n<!-- wp:paragraph -->\n<p><code><p id=\"matomo_opted_out_intro\" style=\"display:none;\">Opt-out complete; your visits to this website will not be recorded by the Web Analytics tool. Note that if you clear your cookies, delete the opt-out cookie, or if you change computers or Web browsers, you will need to perform the opt-out procedure again.<\/p><p id=\"matomo_opted_in_intro\" >You may choose to prevent this website from aggregating and analyzing the actions you take here. Doing so will protect your privacy, but will also prevent the owner from learning from your actions and creating a better experience for you and other users.<\/p><form action=\"\">\n        <input type=\"checkbox\" id=\"matomo_optout_checkbox\" checked=\"checked\"\/>\n        <label for=\"matomo_optout_checkbox\"><strong>\n        <span id=\"matomo_opted_in_label\" >You are not opted out. Uncheck this box to opt-out.<\/span>\n\t\t<span id=\"matomo_opted_out_label\" style=\"display:none;\">You are currently opted out. Check this box to opt-in.<\/span>\n        <\/strong><\/label><input type=\"hidden\" name=\"trp-form-language\" value=\"en\"\/><\/form><noscript><p><strong style=\"color: #ff0000;\">This opt out feature requires JavaScript.<\/strong><\/p><\/noscript><p id=\"matomo_outout_err_cookies\" style=\"display: none;\"><strong>The tracking opt-out feature requires cookies to be enabled.<\/strong><\/p><\/code><\/p>\n<!-- \/wp:paragraph -->\t\t\t\t\t\t<\/div>\n\t\t\t\t<\/div>\n\t\t\t\t\t<\/div>\n\t\t<\/div>\n\t\t\t\t\t<\/div>\n\t\t<\/section>\n\t\t\t\t<\/div>","protected":false},"excerpt":{"rendered":"<p>Le Cabinet d&rsquo;Avocats de Lucien B\u00f4le-Richard s&rsquo;engage \u00e0 assurer la confidentialit\u00e9 des donn\u00e9es \u00e0 caract\u00e8re personnel confi\u00e9es par ses clients par la mise en \u0153uvre de dispositifs techniques de protection des donn\u00e9es \u00e0 caract\u00e8re personnel et de mesures organisationnelles permettant de limiter les risques d\u2019atteinte aux droits et libert\u00e9s des individus. Le cabinet limite la&#8230;<\/p>","protected":false},"author":1,"featured_media":0,"parent":0,"menu_order":0,"comment_status":"closed","ping_status":"closed","template":"","meta":{"_kad_post_transparent":"","_kad_post_title":"","_kad_post_layout":"","_kad_post_sidebar_id":"","_kad_post_content_style":"","_kad_post_vertical_padding":"","_kad_post_feature":"","_kad_post_feature_position":"","_kad_post_header":false,"_kad_post_footer":false,"footnotes":""},"yoast_head":"<!-- This site is optimized with the Yoast SEO plugin v23.4 - https:\/\/yoast.com\/wordpress\/plugins\/seo\/ -->\n<title>Politique de confidentialit\u00e9 &#8211; Lucien B\u00f4le-Richard<\/title>\n<meta name=\"description\" content=\"Le Cabinet d&#039;Avocats de Lucien B\u00f4le-Richard s&#039;engage \u00e0 assurer la confidentialit\u00e9 des donn\u00e9es \u00e0 caract\u00e8re personnel confi\u00e9es par ses clients par la mise\" \/>\n<meta name=\"robots\" content=\"noindex, nofollow\" \/>\n<meta property=\"og:locale\" content=\"en_GB\" \/>\n<meta property=\"og:type\" content=\"article\" \/>\n<meta property=\"og:title\" content=\"Politique de confidentialit\u00e9 &#8211; Lucien B\u00f4le-Richard\" \/>\n<meta property=\"og:description\" content=\"Le Cabinet d&#039;Avocats de Lucien B\u00f4le-Richard s&#039;engage \u00e0 assurer la confidentialit\u00e9 des donn\u00e9es \u00e0 caract\u00e8re personnel confi\u00e9es par ses clients par la mise\" \/>\n<meta property=\"og:url\" content=\"https:\/\/bolerichard-avocat.com\/en\/politique-de-confidentialite\/\" \/>\n<meta property=\"og:site_name\" content=\"Lucien B\u00f4le-Richard\" \/>\n<meta property=\"article:modified_time\" content=\"2022-08-02T12:58:25+00:00\" \/>\n<meta name=\"twitter:card\" content=\"summary_large_image\" \/>\n<meta name=\"twitter:label1\" content=\"Estimated reading time\" \/>\n\t<meta name=\"twitter:data1\" content=\"4 minutes\" \/>\n<script type=\"application\/ld+json\" class=\"yoast-schema-graph\">{\"@context\":\"https:\/\/schema.org\",\"@graph\":[{\"@type\":\"WebPage\",\"@id\":\"https:\/\/bolerichard-avocat.com\/politique-de-confidentialite\/\",\"url\":\"https:\/\/bolerichard-avocat.com\/politique-de-confidentialite\/\",\"name\":\"Politique de confidentialit\u00e9 &#8211; Lucien B\u00f4le-Richard\",\"isPartOf\":{\"@id\":\"https:\/\/bolerichard-avocat.com\/#website\"},\"datePublished\":\"2022-08-02T12:43:44+00:00\",\"dateModified\":\"2022-08-02T12:58:25+00:00\",\"description\":\"Le Cabinet d'Avocats de Lucien B\u00f4le-Richard s'engage \u00e0 assurer la confidentialit\u00e9 des donn\u00e9es \u00e0 caract\u00e8re personnel confi\u00e9es par ses clients par la mise\",\"breadcrumb\":{\"@id\":\"https:\/\/bolerichard-avocat.com\/politique-de-confidentialite\/#breadcrumb\"},\"inLanguage\":\"en-GB\",\"potentialAction\":[{\"@type\":\"ReadAction\",\"target\":[\"https:\/\/bolerichard-avocat.com\/politique-de-confidentialite\/\"]}]},{\"@type\":\"BreadcrumbList\",\"@id\":\"https:\/\/bolerichard-avocat.com\/politique-de-confidentialite\/#breadcrumb\",\"itemListElement\":[{\"@type\":\"ListItem\",\"position\":1,\"name\":\"Accueil\",\"item\":\"https:\/\/bolerichard-avocat.com\/\"},{\"@type\":\"ListItem\",\"position\":2,\"name\":\"Politique de confidentialit\u00e9\"}]},{\"@type\":\"WebSite\",\"@id\":\"https:\/\/bolerichard-avocat.com\/#website\",\"url\":\"https:\/\/bolerichard-avocat.com\/\",\"name\":\"Lucien B\u00f4le-Richard\",\"description\":\"\",\"publisher\":{\"@id\":\"https:\/\/bolerichard-avocat.com\/#organization\"},\"potentialAction\":[{\"@type\":\"SearchAction\",\"target\":{\"@type\":\"EntryPoint\",\"urlTemplate\":\"https:\/\/bolerichard-avocat.com\/?s={search_term_string}\"},\"query-input\":{\"@type\":\"PropertyValueSpecification\",\"valueRequired\":true,\"valueName\":\"search_term_string\"}}],\"inLanguage\":\"en-GB\"},{\"@type\":\"Organization\",\"@id\":\"https:\/\/bolerichard-avocat.com\/#organization\",\"name\":\"Lucien B\u00f4le-Richard - Avocat\",\"url\":\"https:\/\/bolerichard-avocat.com\/\",\"logo\":{\"@type\":\"ImageObject\",\"inLanguage\":\"en-GB\",\"@id\":\"https:\/\/bolerichard-avocat.com\/#\/schema\/logo\/image\/\",\"url\":\"https:\/\/bolerichard-avocat.com\/wp-content\/uploads\/2021\/01\/home1-icon1.png\",\"contentUrl\":\"https:\/\/bolerichard-avocat.com\/wp-content\/uploads\/2021\/01\/home1-icon1.png\",\"width\":54,\"height\":50,\"caption\":\"Lucien B\u00f4le-Richard - Avocat\"},\"image\":{\"@id\":\"https:\/\/bolerichard-avocat.com\/#\/schema\/logo\/image\/\"}}]}<\/script>\n<!-- \/ Yoast SEO plugin. -->","yoast_head_json":{"title":"Politique de confidentialit\u00e9 &#8211; Lucien B\u00f4le-Richard","description":"Le Cabinet d'Avocats de Lucien B\u00f4le-Richard s'engage \u00e0 assurer la confidentialit\u00e9 des donn\u00e9es \u00e0 caract\u00e8re personnel confi\u00e9es par ses clients par la mise","robots":{"index":"noindex","follow":"nofollow"},"og_locale":"en_GB","og_type":"article","og_title":"Politique de confidentialit\u00e9 &#8211; Lucien B\u00f4le-Richard","og_description":"Le Cabinet d'Avocats de Lucien B\u00f4le-Richard s'engage \u00e0 assurer la confidentialit\u00e9 des donn\u00e9es \u00e0 caract\u00e8re personnel confi\u00e9es par ses clients par la mise","og_url":"https:\/\/bolerichard-avocat.com\/en\/politique-de-confidentialite\/","og_site_name":"Lucien B\u00f4le-Richard","article_modified_time":"2022-08-02T12:58:25+00:00","twitter_card":"summary_large_image","twitter_misc":{"Estimated reading time":"4 minutes"},"schema":{"@context":"https:\/\/schema.org","@graph":[{"@type":"WebPage","@id":"https:\/\/bolerichard-avocat.com\/politique-de-confidentialite\/","url":"https:\/\/bolerichard-avocat.com\/politique-de-confidentialite\/","name":"Politique de confidentialit\u00e9 &#8211; Lucien B\u00f4le-Richard","isPartOf":{"@id":"https:\/\/bolerichard-avocat.com\/#website"},"datePublished":"2022-08-02T12:43:44+00:00","dateModified":"2022-08-02T12:58:25+00:00","description":"Le Cabinet d'Avocats de Lucien B\u00f4le-Richard s'engage \u00e0 assurer la confidentialit\u00e9 des donn\u00e9es \u00e0 caract\u00e8re personnel confi\u00e9es par ses clients par la mise","breadcrumb":{"@id":"https:\/\/bolerichard-avocat.com\/politique-de-confidentialite\/#breadcrumb"},"inLanguage":"en-GB","potentialAction":[{"@type":"ReadAction","target":["https:\/\/bolerichard-avocat.com\/politique-de-confidentialite\/"]}]},{"@type":"BreadcrumbList","@id":"https:\/\/bolerichard-avocat.com\/politique-de-confidentialite\/#breadcrumb","itemListElement":[{"@type":"ListItem","position":1,"name":"Accueil","item":"https:\/\/bolerichard-avocat.com\/"},{"@type":"ListItem","position":2,"name":"Politique de confidentialit\u00e9"}]},{"@type":"WebSite","@id":"https:\/\/bolerichard-avocat.com\/#website","url":"https:\/\/bolerichard-avocat.com\/","name":"Lucien B\u00f4le-Richard","description":"","publisher":{"@id":"https:\/\/bolerichard-avocat.com\/#organization"},"potentialAction":[{"@type":"SearchAction","target":{"@type":"EntryPoint","urlTemplate":"https:\/\/bolerichard-avocat.com\/?s={search_term_string}"},"query-input":{"@type":"PropertyValueSpecification","valueRequired":true,"valueName":"search_term_string"}}],"inLanguage":"en-GB"},{"@type":"Organization","@id":"https:\/\/bolerichard-avocat.com\/#organization","name":"Lucien B\u00f4le-Richard - Avocat","url":"https:\/\/bolerichard-avocat.com\/","logo":{"@type":"ImageObject","inLanguage":"en-GB","@id":"https:\/\/bolerichard-avocat.com\/#\/schema\/logo\/image\/","url":"https:\/\/bolerichard-avocat.com\/wp-content\/uploads\/2021\/01\/home1-icon1.png","contentUrl":"https:\/\/bolerichard-avocat.com\/wp-content\/uploads\/2021\/01\/home1-icon1.png","width":54,"height":50,"caption":"Lucien B\u00f4le-Richard - Avocat"},"image":{"@id":"https:\/\/bolerichard-avocat.com\/#\/schema\/logo\/image\/"}}]}},"_links":{"self":[{"href":"https:\/\/bolerichard-avocat.com\/en\/wp-json\/wp\/v2\/pages\/1127"}],"collection":[{"href":"https:\/\/bolerichard-avocat.com\/en\/wp-json\/wp\/v2\/pages"}],"about":[{"href":"https:\/\/bolerichard-avocat.com\/en\/wp-json\/wp\/v2\/types\/page"}],"author":[{"embeddable":true,"href":"https:\/\/bolerichard-avocat.com\/en\/wp-json\/wp\/v2\/users\/1"}],"replies":[{"embeddable":true,"href":"https:\/\/bolerichard-avocat.com\/en\/wp-json\/wp\/v2\/comments?post=1127"}],"version-history":[{"count":5,"href":"https:\/\/bolerichard-avocat.com\/en\/wp-json\/wp\/v2\/pages\/1127\/revisions"}],"predecessor-version":[{"id":1136,"href":"https:\/\/bolerichard-avocat.com\/en\/wp-json\/wp\/v2\/pages\/1127\/revisions\/1136"}],"wp:attachment":[{"href":"https:\/\/bolerichard-avocat.com\/en\/wp-json\/wp\/v2\/media?parent=1127"}],"curies":[{"name":"wp","href":"https:\/\/api.w.org\/{rel}","templated":true}]}}